{"id":4427,"date":"2022-03-10T17:26:56","date_gmt":"2022-03-10T16:26:56","guid":{"rendered":"https:\/\/emmavonzermatt.ch\/produkt\/emma-decouvre-la-suisse\/"},"modified":"2024-09-10T08:46:26","modified_gmt":"2024-09-10T06:46:26","slug":"emma-decouvre-la-suisse","status":"publish","type":"product","link":"https:\/\/emmavonzermatt.ch\/it\/produkt\/emma-decouvre-la-suisse\/","title":{"rendered":"Emma d\u00e9couvre la Suisse"},"content":{"rendered":"<div class=\"wpb-content-wrapper\"><p>[vc_row][vc_column][vc_empty_space][vc_column_text]Salut !<\/p>\n<p>Je m&#8217;appelle Emme et j&#8217;habite en face du Cervin avec ma familie. Comme je suis curieuse, je me suis cach\u00e9e dans un sac \u00e0 dos pour aller vor le jet d&#8217;eau \u00e0 Gen\u00e8ve. Toutefois, le voyage ne s&#8217;est pas pass\u00e9 comme je pensais. D\u00e9couvre dans ce livre toutes les \u00e9tapes et p\u00e9rip\u00e9ties de mon escapade.[\/vc_column_text][vc_empty_space][vc_column_text]ISBN: 978\u20133\u20139525486\u20130\u20138[\/vc_column_text][\/vc_column][\/vc_row][vc_row][vc_column][vc_empty_space][vc_column_text]<\/p>\n<ul>\n<li>72 pagine<\/li>\n<li>Adatto ai bambini a partire dai 6 anni di et\u00e0<\/li>\n<li>22.4 x 28.7 cm<\/li>\n<li>Libro con copertina rigida<\/li>\n<\/ul>\n<p>[\/vc_column_text][vc_empty_space][vc_empty_space][\/vc_column][\/vc_row][vc_row][vc_column width=&#8221;1\/2&#8243;][vc_video link=&#8221;https:\/\/youtu.be\/54FjmDSgNcQ&#8221;][vc_empty_space][\/vc_column][vc_column width=&#8221;1\/2&#8243;]<style type=\"text\/css\" data-type=\"the7_shortcodes-inline-css\">#default-btn-9e2c99359d94ba76f936d5cb12114578.ico-right-side > i {\n  margin-right: 0px;\n  margin-left: 8px;\n}\n#default-btn-9e2c99359d94ba76f936d5cb12114578 > i {\n  margin-right: 8px;\n}<\/style><a href=\"https:\/\/emmavonzermatt.ch\/it\/negozio\/\" class=\"default-btn-shortcode dt-btn dt-btn-s link-hover-off btn-inline-left \" id=\"default-btn-9e2c99359d94ba76f936d5cb12114578\" title=\"Shop\"><span>Torna al negozio<\/span><\/a>[\/vc_column][\/vc_row]<\/p>\n<\/div>","protected":false},"excerpt":{"rendered":"<p>Un libro per bambini di Emma in francese. Scopri la Svizzera con l&#8217;astuta marmotta. L&#8217;emozionante storia di Sabine K\u00f6nig \u00e8 arricchita dalle accattivanti illustrazioni di Roser Matas.<\/p>\n","protected":false},"featured_media":4619,"template":"","meta":[],"product_brand":[],"product_cat":[],"product_tag":[],"class_list":{"0":"post-4427","1":"product","2":"type-product","3":"status-publish","4":"has-post-thumbnail","6":"description-off","8":"first","9":"instock","10":"shipping-taxable","11":"purchasable","12":"product-type-simple"},"yoast_head":"<!-- This site is optimized with the Yoast SEO plugin v27.4 - https:\/\/yoast.com\/product\/yoast-seo-wordpress\/ -->\n<title>Emma d\u00e9couvre la Suisse | Livre pour enfants de Sabine K\u00f6nig<\/title>\n<meta name=\"description\" content=\"Un livre pour enfants en quatre langues : Fran\u00e7ais, Allemand, Italien, Anglais. La jeune marmotte Emma d\u00e9couvre la Suisse,\" \/>\n<meta name=\"robots\" content=\"index, follow, max-snippet:-1, max-image-preview:large, max-video-preview:-1\" \/>\n<link rel=\"canonical\" href=\"https:\/\/emmavonzermatt.ch\/it\/produkt\/emma-decouvre-la-suisse\/\" \/>\n<meta property=\"og:locale\" content=\"it_IT\" \/>\n<meta property=\"og:type\" content=\"article\" \/>\n<meta property=\"og:title\" content=\"Emma d\u00e9couvre la Suisse | Livre pour enfants de Sabine K\u00f6nig\" \/>\n<meta property=\"og:description\" content=\"Un livre pour enfants en quatre langues : Fran\u00e7ais, Allemand, Italien, Anglais. La jeune marmotte Emma d\u00e9couvre la Suisse,\" \/>\n<meta property=\"og:url\" content=\"https:\/\/emmavonzermatt.ch\/it\/produkt\/emma-decouvre-la-suisse\/\" \/>\n<meta property=\"og:site_name\" content=\"Emma von Zermatt\" \/>\n<meta property=\"article:modified_time\" content=\"2024-09-10T06:46:26+00:00\" \/>\n<meta property=\"og:image\" content=\"https:\/\/emmavonzermatt.ch\/wp-content\/uploads\/2022\/03\/Emma-von-Zermatt-fr.png\" \/>\n\t<meta property=\"og:image:width\" content=\"500\" \/>\n\t<meta property=\"og:image:height\" content=\"500\" \/>\n\t<meta property=\"og:image:type\" content=\"image\/png\" \/>\n<meta name=\"twitter:card\" content=\"summary_large_image\" \/>\n<meta name=\"twitter:label1\" content=\"Tempo di lettura stimato\" \/>\n\t<meta name=\"twitter:data1\" content=\"1 minuto\" \/>\n<script type=\"application\/ld+json\" class=\"yoast-schema-graph\">{\"@context\":\"https:\\\/\\\/schema.org\",\"@graph\":[{\"@type\":\"WebPage\",\"@id\":\"https:\\\/\\\/emmavonzermatt.ch\\\/it\\\/produkt\\\/emma-decouvre-la-suisse\\\/\",\"url\":\"https:\\\/\\\/emmavonzermatt.ch\\\/it\\\/produkt\\\/emma-decouvre-la-suisse\\\/\",\"name\":\"Emma d\u00e9couvre la Suisse | Livre pour enfants de Sabine K\u00f6nig\",\"isPartOf\":{\"@id\":\"https:\\\/\\\/emmavonzermatt.ch\\\/it\\\/#website\"},\"primaryImageOfPage\":{\"@id\":\"https:\\\/\\\/emmavonzermatt.ch\\\/it\\\/produkt\\\/emma-decouvre-la-suisse\\\/#primaryimage\"},\"image\":{\"@id\":\"https:\\\/\\\/emmavonzermatt.ch\\\/it\\\/produkt\\\/emma-decouvre-la-suisse\\\/#primaryimage\"},\"thumbnailUrl\":\"https:\\\/\\\/emmavonzermatt.ch\\\/wp-content\\\/uploads\\\/2022\\\/03\\\/Emma-von-Zermatt-fr.png\",\"datePublished\":\"2022-03-10T16:26:56+00:00\",\"dateModified\":\"2024-09-10T06:46:26+00:00\",\"description\":\"Un livre pour enfants en quatre langues : Fran\u00e7ais, Allemand, Italien, Anglais. La jeune marmotte Emma d\u00e9couvre la Suisse,\",\"breadcrumb\":{\"@id\":\"https:\\\/\\\/emmavonzermatt.ch\\\/it\\\/produkt\\\/emma-decouvre-la-suisse\\\/#breadcrumb\"},\"inLanguage\":\"it-IT\",\"potentialAction\":[{\"@type\":\"ReadAction\",\"target\":[\"https:\\\/\\\/emmavonzermatt.ch\\\/it\\\/produkt\\\/emma-decouvre-la-suisse\\\/\"]}]},{\"@type\":\"ImageObject\",\"inLanguage\":\"it-IT\",\"@id\":\"https:\\\/\\\/emmavonzermatt.ch\\\/it\\\/produkt\\\/emma-decouvre-la-suisse\\\/#primaryimage\",\"url\":\"https:\\\/\\\/emmavonzermatt.ch\\\/wp-content\\\/uploads\\\/2022\\\/03\\\/Emma-von-Zermatt-fr.png\",\"contentUrl\":\"https:\\\/\\\/emmavonzermatt.ch\\\/wp-content\\\/uploads\\\/2022\\\/03\\\/Emma-von-Zermatt-fr.png\",\"width\":500,\"height\":500},{\"@type\":\"BreadcrumbList\",\"@id\":\"https:\\\/\\\/emmavonzermatt.ch\\\/it\\\/produkt\\\/emma-decouvre-la-suisse\\\/#breadcrumb\",\"itemListElement\":[{\"@type\":\"ListItem\",\"position\":1,\"name\":\"Startseite\",\"item\":\"https:\\\/\\\/emmavonzermatt.ch\\\/it\\\/\"},{\"@type\":\"ListItem\",\"position\":2,\"name\":\"Negozio\",\"item\":\"https:\\\/\\\/emmavonzermatt.ch\\\/it\\\/negozio\\\/\"},{\"@type\":\"ListItem\",\"position\":3,\"name\":\"Emma d\u00e9couvre la Suisse\"}]},{\"@type\":\"WebSite\",\"@id\":\"https:\\\/\\\/emmavonzermatt.ch\\\/it\\\/#website\",\"url\":\"https:\\\/\\\/emmavonzermatt.ch\\\/it\\\/\",\"name\":\"Emma von Zermatt\",\"description\":\"Buch | Emma von Zermatt\",\"publisher\":{\"@id\":\"https:\\\/\\\/emmavonzermatt.ch\\\/it\\\/#\\\/schema\\\/person\\\/4bd74e7eb4c18833cd85971618dff658\"},\"potentialAction\":[{\"@type\":\"SearchAction\",\"target\":{\"@type\":\"EntryPoint\",\"urlTemplate\":\"https:\\\/\\\/emmavonzermatt.ch\\\/it\\\/?s={search_term_string}\"},\"query-input\":{\"@type\":\"PropertyValueSpecification\",\"valueRequired\":true,\"valueName\":\"search_term_string\"}}],\"inLanguage\":\"it-IT\"},{\"@type\":[\"Person\",\"Organization\"],\"@id\":\"https:\\\/\\\/emmavonzermatt.ch\\\/it\\\/#\\\/schema\\\/person\\\/4bd74e7eb4c18833cd85971618dff658\",\"name\":\"admin\",\"image\":{\"@type\":\"ImageObject\",\"inLanguage\":\"it-IT\",\"@id\":\"https:\\\/\\\/emmavonzermatt.ch\\\/wp-content\\\/uploads\\\/2022\\\/03\\\/favicon-evz-32x32-1.png\",\"url\":\"https:\\\/\\\/emmavonzermatt.ch\\\/wp-content\\\/uploads\\\/2022\\\/03\\\/favicon-evz-32x32-1.png\",\"contentUrl\":\"https:\\\/\\\/emmavonzermatt.ch\\\/wp-content\\\/uploads\\\/2022\\\/03\\\/favicon-evz-32x32-1.png\",\"width\":32,\"height\":32,\"caption\":\"admin\"},\"logo\":{\"@id\":\"https:\\\/\\\/emmavonzermatt.ch\\\/wp-content\\\/uploads\\\/2022\\\/03\\\/favicon-evz-32x32-1.png\"}}]}<\/script>\n<!-- \/ Yoast SEO plugin. -->","yoast_head_json":{"title":"Emma d\u00e9couvre la Suisse | Livre pour enfants de Sabine K\u00f6nig","description":"Un livre pour enfants en quatre langues : Fran\u00e7ais, Allemand, Italien, Anglais. La jeune marmotte Emma d\u00e9couvre la Suisse,","robots":{"index":"index","follow":"follow","max-snippet":"max-snippet:-1","max-image-preview":"max-image-preview:large","max-video-preview":"max-video-preview:-1"},"canonical":"https:\/\/emmavonzermatt.ch\/it\/produkt\/emma-decouvre-la-suisse\/","og_locale":"it_IT","og_type":"article","og_title":"Emma d\u00e9couvre la Suisse | Livre pour enfants de Sabine K\u00f6nig","og_description":"Un livre pour enfants en quatre langues : Fran\u00e7ais, Allemand, Italien, Anglais. La jeune marmotte Emma d\u00e9couvre la Suisse,","og_url":"https:\/\/emmavonzermatt.ch\/it\/produkt\/emma-decouvre-la-suisse\/","og_site_name":"Emma von Zermatt","article_modified_time":"2024-09-10T06:46:26+00:00","og_image":[{"width":500,"height":500,"url":"https:\/\/emmavonzermatt.ch\/wp-content\/uploads\/2022\/03\/Emma-von-Zermatt-fr.png","type":"image\/png"}],"twitter_card":"summary_large_image","twitter_misc":{"Tempo di lettura stimato":"1 minuto"},"schema":{"@context":"https:\/\/schema.org","@graph":[{"@type":"WebPage","@id":"https:\/\/emmavonzermatt.ch\/it\/produkt\/emma-decouvre-la-suisse\/","url":"https:\/\/emmavonzermatt.ch\/it\/produkt\/emma-decouvre-la-suisse\/","name":"Emma d\u00e9couvre la Suisse | Livre pour enfants de Sabine K\u00f6nig","isPartOf":{"@id":"https:\/\/emmavonzermatt.ch\/it\/#website"},"primaryImageOfPage":{"@id":"https:\/\/emmavonzermatt.ch\/it\/produkt\/emma-decouvre-la-suisse\/#primaryimage"},"image":{"@id":"https:\/\/emmavonzermatt.ch\/it\/produkt\/emma-decouvre-la-suisse\/#primaryimage"},"thumbnailUrl":"https:\/\/emmavonzermatt.ch\/wp-content\/uploads\/2022\/03\/Emma-von-Zermatt-fr.png","datePublished":"2022-03-10T16:26:56+00:00","dateModified":"2024-09-10T06:46:26+00:00","description":"Un livre pour enfants en quatre langues : Fran\u00e7ais, Allemand, Italien, Anglais. La jeune marmotte Emma d\u00e9couvre la Suisse,","breadcrumb":{"@id":"https:\/\/emmavonzermatt.ch\/it\/produkt\/emma-decouvre-la-suisse\/#breadcrumb"},"inLanguage":"it-IT","potentialAction":[{"@type":"ReadAction","target":["https:\/\/emmavonzermatt.ch\/it\/produkt\/emma-decouvre-la-suisse\/"]}]},{"@type":"ImageObject","inLanguage":"it-IT","@id":"https:\/\/emmavonzermatt.ch\/it\/produkt\/emma-decouvre-la-suisse\/#primaryimage","url":"https:\/\/emmavonzermatt.ch\/wp-content\/uploads\/2022\/03\/Emma-von-Zermatt-fr.png","contentUrl":"https:\/\/emmavonzermatt.ch\/wp-content\/uploads\/2022\/03\/Emma-von-Zermatt-fr.png","width":500,"height":500},{"@type":"BreadcrumbList","@id":"https:\/\/emmavonzermatt.ch\/it\/produkt\/emma-decouvre-la-suisse\/#breadcrumb","itemListElement":[{"@type":"ListItem","position":1,"name":"Startseite","item":"https:\/\/emmavonzermatt.ch\/it\/"},{"@type":"ListItem","position":2,"name":"Negozio","item":"https:\/\/emmavonzermatt.ch\/it\/negozio\/"},{"@type":"ListItem","position":3,"name":"Emma d\u00e9couvre la Suisse"}]},{"@type":"WebSite","@id":"https:\/\/emmavonzermatt.ch\/it\/#website","url":"https:\/\/emmavonzermatt.ch\/it\/","name":"Emma von Zermatt","description":"Buch | Emma von Zermatt","publisher":{"@id":"https:\/\/emmavonzermatt.ch\/it\/#\/schema\/person\/4bd74e7eb4c18833cd85971618dff658"},"potentialAction":[{"@type":"SearchAction","target":{"@type":"EntryPoint","urlTemplate":"https:\/\/emmavonzermatt.ch\/it\/?s={search_term_string}"},"query-input":{"@type":"PropertyValueSpecification","valueRequired":true,"valueName":"search_term_string"}}],"inLanguage":"it-IT"},{"@type":["Person","Organization"],"@id":"https:\/\/emmavonzermatt.ch\/it\/#\/schema\/person\/4bd74e7eb4c18833cd85971618dff658","name":"admin","image":{"@type":"ImageObject","inLanguage":"it-IT","@id":"https:\/\/emmavonzermatt.ch\/wp-content\/uploads\/2022\/03\/favicon-evz-32x32-1.png","url":"https:\/\/emmavonzermatt.ch\/wp-content\/uploads\/2022\/03\/favicon-evz-32x32-1.png","contentUrl":"https:\/\/emmavonzermatt.ch\/wp-content\/uploads\/2022\/03\/favicon-evz-32x32-1.png","width":32,"height":32,"caption":"admin"},"logo":{"@id":"https:\/\/emmavonzermatt.ch\/wp-content\/uploads\/2022\/03\/favicon-evz-32x32-1.png"}}]}},"_links":{"self":[{"href":"https:\/\/emmavonzermatt.ch\/it\/wp-json\/wp\/v2\/product\/4427","targetHints":{"allow":["GET"]}}],"collection":[{"href":"https:\/\/emmavonzermatt.ch\/it\/wp-json\/wp\/v2\/product"}],"about":[{"href":"https:\/\/emmavonzermatt.ch\/it\/wp-json\/wp\/v2\/types\/product"}],"wp:featuredmedia":[{"embeddable":true,"href":"https:\/\/emmavonzermatt.ch\/it\/wp-json\/wp\/v2\/media\/4619"}],"wp:attachment":[{"href":"https:\/\/emmavonzermatt.ch\/it\/wp-json\/wp\/v2\/media?parent=4427"}],"wp:term":[{"taxonomy":"product_brand","embeddable":true,"href":"https:\/\/emmavonzermatt.ch\/it\/wp-json\/wp\/v2\/product_brand?post=4427"},{"taxonomy":"product_cat","embeddable":true,"href":"https:\/\/emmavonzermatt.ch\/it\/wp-json\/wp\/v2\/product_cat?post=4427"},{"taxonomy":"product_tag","embeddable":true,"href":"https:\/\/emmavonzermatt.ch\/it\/wp-json\/wp\/v2\/product_tag?post=4427"}],"curies":[{"name":"wp","href":"https:\/\/api.w.org\/{rel}","templated":true}]}}