{"id":4372,"date":"2022-03-11T13:49:10","date_gmt":"2022-03-11T12:49:10","guid":{"rendered":"https:\/\/emmavonzermatt.ch\/autoren\/"},"modified":"2022-06-09T14:02:09","modified_gmt":"2022-06-09T12:02:09","slug":"autori","status":"publish","type":"page","link":"https:\/\/emmavonzermatt.ch\/it\/autori\/","title":{"rendered":"Autori"},"content":{"rendered":"<div class=\"wpb-content-wrapper\"><p>[vc_row][vc_column][vc_column_text]<\/p>\n<h1><b>Autori<\/b><\/h1>\n<p>[\/vc_column_text][vc_empty_space height=&#8221;50px&#8221;][\/vc_column][\/vc_row][vc_row][vc_column width=&#8221;1\/2&#8243;][vc_single_image image=&#8221;4345&#8243; img_size=&#8221;large&#8221;][vc_column_text]\u00a9 mary fernandez photography[\/vc_column_text][vc_empty_space][\/vc_column][vc_column width=&#8221;1\/2&#8243;]<div id=\"ultimate-heading-2646a03f3832f47b\" class=\"uvc-heading ult-adjust-bottom-margin ultimate-heading-2646a03f3832f47b uvc-965  uvc-heading-default-font-sizes\" data-hspacer=\"no_spacer\"  data-halign=\"left\" style=\"text-align:left\"><div class=\"uvc-heading-spacer no_spacer\" style=\"top\"><\/div><div class=\"uvc-main-heading ult-responsive\"  data-ultimate-target='.uvc-heading.ultimate-heading-2646a03f3832f47b h3'  data-responsive-json-new='{\"font-size\":\"\",\"line-height\":\"\"}' ><h3 style=\"font-weight:bold;color:#148ba9;margin-bottom:20px;\">Sabine K\u00f6nig<\/h3><\/div><div class=\"uvc-sub-heading ult-responsive\"  data-ultimate-target='.uvc-heading.ultimate-heading-2646a03f3832f47b .uvc-sub-heading '  data-responsive-json-new='{\"font-size\":\"desktop:34px;\",\"line-height\":\"desktop:44px;\"}'  style=\"font-weight:bold;color:#222222;margin-bottom:30px;\"><\/p>\n<p style=\"font-weight: 400;\">L\u2019autrice<\/p>\n<p><\/div><\/div>[vc_column_text]Nata nel 1966 a Berna, Sabine K\u00f6nig \u00e8 cresciuta a Neuch\u00e2tel, in Svizzera. Dopo aver studiato economia politica, traduzione e interpretariato nel suo paese natale e in Europa, ha posato le valigie a Zurigo per mettere su famiglia. Quando non lavora come traduttrice e interprete freelance per le imprese elvetiche, ama viaggiare, nuotare, andare al mercato, visitare mostre ed essere creativa.[\/vc_column_text][vc_icon icon_fontawesome=&#8221;fas fa-envelope&#8221; color=&#8221;custom&#8221; custom_color=&#8221;#1c758e&#8221; link=&#8221;url:mailto%3Ainfo%40emmavonzermatt.ch&#8221;][\/vc_column][\/vc_row][vc_row][vc_column][vc_empty_space height=&#8221;70px&#8221;][\/vc_column][\/vc_row][vc_row][vc_column width=&#8221;1\/2&#8243;]<div id=\"ultimate-heading-8526a03f3832f4ef\" class=\"uvc-heading ult-adjust-bottom-margin ultimate-heading-8526a03f3832f4ef uvc-5675  uvc-heading-default-font-sizes\" data-hspacer=\"no_spacer\"  data-halign=\"left\" style=\"text-align:left\"><div class=\"uvc-heading-spacer no_spacer\" style=\"top\"><\/div><div class=\"uvc-main-heading ult-responsive\"  data-ultimate-target='.uvc-heading.ultimate-heading-8526a03f3832f4ef h3'  data-responsive-json-new='{\"font-size\":\"\",\"line-height\":\"\"}' ><h3 style=\"font-weight:bold;color:#148ba9;margin-bottom:20px;\">Roser Matas<\/h3><\/div><div class=\"uvc-sub-heading ult-responsive\"  data-ultimate-target='.uvc-heading.ultimate-heading-8526a03f3832f4ef .uvc-sub-heading '  data-responsive-json-new='{\"font-size\":\"desktop:34px;\",\"line-height\":\"desktop:44px;\"}'  style=\"font-weight:bold;color:#222222;margin-bottom:30px;\"><\/p>\n<p style=\"font-weight: 400;\">L\u2019illustratrice<\/p>\n<p><\/div><\/div>[vc_column_text]Roser Matas ha studiato fisica e oggi insegna in un liceo della Catalogna. Oltre ad amare le scienze e i numeri, \u00e8 anche appassionata di illustrazione, arte che ha studiato a Olot, a Barcellona e all\u2019Universit\u00e0 delle Arti di Londra. Ha pubblicato una dozzina di libri per bambini, alcuni come autrice, altri come illustratrice.[\/vc_column_text][vc_empty_space][\/vc_column][vc_column width=&#8221;1\/2&#8243;][vc_single_image image=&#8221;4342&#8243; img_size=&#8221;large&#8221;][\/vc_column][\/vc_row]<\/p>\n<\/div>","protected":false},"excerpt":{"rendered":"<p>[vc_row][vc_column][vc_column_text] Autori [\/vc_column_text][vc_empty_space height=&#8221;50px&#8221;][\/vc_column][\/vc_row][vc_row][vc_column width=&#8221;1\/2&#8243;][vc_single_image image=&#8221;4345&#8243; img_size=&#8221;large&#8221;][vc_column_text]\u00a9 mary fernandez photography[\/vc_column_text][vc_empty_space][\/vc_column][vc_column width=&#8221;1\/2&#8243;][vc_column_text]Nata nel 1966 a Berna, Sabine K\u00f6nig \u00e8 cresciuta a Neuch\u00e2tel, in Svizzera. Dopo aver studiato economia politica, traduzione e interpretariato nel suo paese natale e in Europa, ha posato le valigie a Zurigo per mettere su famiglia. Quando non lavora come traduttrice e interprete&hellip;<\/p>\n","protected":false},"author":1,"featured_media":0,"parent":0,"menu_order":0,"comment_status":"closed","ping_status":"closed","template":"","meta":{"footnotes":""},"class_list":["post-4372","page","type-page","status-publish","hentry","description-off"],"yoast_head":"<!-- This site is optimized with the Yoast SEO plugin v27.4 - https:\/\/yoast.com\/product\/yoast-seo-wordpress\/ -->\n<title>Sabine K\u00f6nig | Autrice del libro per bambini Emma von Zermatt<\/title>\n<meta name=\"description\" content=\"Il libro per bambini di Sabine K\u00f6nig: Emma \u00e8 una giovane marmotta che abita con la sua famiglia di fronte al Cervino. ...\" \/>\n<meta name=\"robots\" content=\"index, follow, max-snippet:-1, max-image-preview:large, max-video-preview:-1\" \/>\n<link rel=\"canonical\" href=\"https:\/\/emmavonzermatt.ch\/it\/autori\/\" \/>\n<meta property=\"og:locale\" content=\"it_IT\" \/>\n<meta property=\"og:type\" content=\"article\" \/>\n<meta property=\"og:title\" content=\"Sabine K\u00f6nig | Autrice del libro per bambini Emma von Zermatt\" \/>\n<meta property=\"og:description\" content=\"Il libro per bambini di Sabine K\u00f6nig: Emma \u00e8 una giovane marmotta che abita con la sua famiglia di fronte al Cervino. ...\" \/>\n<meta property=\"og:url\" content=\"https:\/\/emmavonzermatt.ch\/it\/autori\/\" \/>\n<meta property=\"og:site_name\" content=\"Emma von Zermatt\" \/>\n<meta property=\"article:modified_time\" content=\"2022-06-09T12:02:09+00:00\" \/>\n<meta name=\"twitter:card\" content=\"summary_large_image\" \/>\n<meta name=\"twitter:label1\" content=\"Tempo di lettura stimato\" \/>\n\t<meta name=\"twitter:data1\" content=\"1 minuto\" \/>\n<script type=\"application\/ld+json\" class=\"yoast-schema-graph\">{\"@context\":\"https:\\\/\\\/schema.org\",\"@graph\":[{\"@type\":\"WebPage\",\"@id\":\"https:\\\/\\\/emmavonzermatt.ch\\\/it\\\/autori\\\/\",\"url\":\"https:\\\/\\\/emmavonzermatt.ch\\\/it\\\/autori\\\/\",\"name\":\"Sabine K\u00f6nig | Autrice del libro per bambini Emma von Zermatt\",\"isPartOf\":{\"@id\":\"https:\\\/\\\/emmavonzermatt.ch\\\/it\\\/#website\"},\"datePublished\":\"2022-03-11T12:49:10+00:00\",\"dateModified\":\"2022-06-09T12:02:09+00:00\",\"description\":\"Il libro per bambini di Sabine K\u00f6nig: Emma \u00e8 una giovane marmotta che abita con la sua famiglia di fronte al Cervino. ...\",\"breadcrumb\":{\"@id\":\"https:\\\/\\\/emmavonzermatt.ch\\\/it\\\/autori\\\/#breadcrumb\"},\"inLanguage\":\"it-IT\",\"potentialAction\":[{\"@type\":\"ReadAction\",\"target\":[\"https:\\\/\\\/emmavonzermatt.ch\\\/it\\\/autori\\\/\"]}]},{\"@type\":\"BreadcrumbList\",\"@id\":\"https:\\\/\\\/emmavonzermatt.ch\\\/it\\\/autori\\\/#breadcrumb\",\"itemListElement\":[{\"@type\":\"ListItem\",\"position\":1,\"name\":\"Startseite\",\"item\":\"https:\\\/\\\/emmavonzermatt.ch\\\/it\\\/\"},{\"@type\":\"ListItem\",\"position\":2,\"name\":\"Autori\"}]},{\"@type\":\"WebSite\",\"@id\":\"https:\\\/\\\/emmavonzermatt.ch\\\/it\\\/#website\",\"url\":\"https:\\\/\\\/emmavonzermatt.ch\\\/it\\\/\",\"name\":\"Emma von Zermatt\",\"description\":\"Buch | Emma von Zermatt\",\"publisher\":{\"@id\":\"https:\\\/\\\/emmavonzermatt.ch\\\/it\\\/#\\\/schema\\\/person\\\/4bd74e7eb4c18833cd85971618dff658\"},\"potentialAction\":[{\"@type\":\"SearchAction\",\"target\":{\"@type\":\"EntryPoint\",\"urlTemplate\":\"https:\\\/\\\/emmavonzermatt.ch\\\/it\\\/?s={search_term_string}\"},\"query-input\":{\"@type\":\"PropertyValueSpecification\",\"valueRequired\":true,\"valueName\":\"search_term_string\"}}],\"inLanguage\":\"it-IT\"},{\"@type\":[\"Person\",\"Organization\"],\"@id\":\"https:\\\/\\\/emmavonzermatt.ch\\\/it\\\/#\\\/schema\\\/person\\\/4bd74e7eb4c18833cd85971618dff658\",\"name\":\"admin\",\"image\":{\"@type\":\"ImageObject\",\"inLanguage\":\"it-IT\",\"@id\":\"https:\\\/\\\/emmavonzermatt.ch\\\/wp-content\\\/uploads\\\/2022\\\/03\\\/favicon-evz-32x32-1.png\",\"url\":\"https:\\\/\\\/emmavonzermatt.ch\\\/wp-content\\\/uploads\\\/2022\\\/03\\\/favicon-evz-32x32-1.png\",\"contentUrl\":\"https:\\\/\\\/emmavonzermatt.ch\\\/wp-content\\\/uploads\\\/2022\\\/03\\\/favicon-evz-32x32-1.png\",\"width\":32,\"height\":32,\"caption\":\"admin\"},\"logo\":{\"@id\":\"https:\\\/\\\/emmavonzermatt.ch\\\/wp-content\\\/uploads\\\/2022\\\/03\\\/favicon-evz-32x32-1.png\"}}]}<\/script>\n<!-- \/ Yoast SEO plugin. -->","yoast_head_json":{"title":"Sabine K\u00f6nig | Autrice del libro per bambini Emma von Zermatt","description":"Il libro per bambini di Sabine K\u00f6nig: Emma \u00e8 una giovane marmotta che abita con la sua famiglia di fronte al Cervino. ...","robots":{"index":"index","follow":"follow","max-snippet":"max-snippet:-1","max-image-preview":"max-image-preview:large","max-video-preview":"max-video-preview:-1"},"canonical":"https:\/\/emmavonzermatt.ch\/it\/autori\/","og_locale":"it_IT","og_type":"article","og_title":"Sabine K\u00f6nig | Autrice del libro per bambini Emma von Zermatt","og_description":"Il libro per bambini di Sabine K\u00f6nig: Emma \u00e8 una giovane marmotta che abita con la sua famiglia di fronte al Cervino. ...","og_url":"https:\/\/emmavonzermatt.ch\/it\/autori\/","og_site_name":"Emma von Zermatt","article_modified_time":"2022-06-09T12:02:09+00:00","twitter_card":"summary_large_image","twitter_misc":{"Tempo di lettura stimato":"1 minuto"},"schema":{"@context":"https:\/\/schema.org","@graph":[{"@type":"WebPage","@id":"https:\/\/emmavonzermatt.ch\/it\/autori\/","url":"https:\/\/emmavonzermatt.ch\/it\/autori\/","name":"Sabine K\u00f6nig | Autrice del libro per bambini Emma von Zermatt","isPartOf":{"@id":"https:\/\/emmavonzermatt.ch\/it\/#website"},"datePublished":"2022-03-11T12:49:10+00:00","dateModified":"2022-06-09T12:02:09+00:00","description":"Il libro per bambini di Sabine K\u00f6nig: Emma \u00e8 una giovane marmotta che abita con la sua famiglia di fronte al Cervino. ...","breadcrumb":{"@id":"https:\/\/emmavonzermatt.ch\/it\/autori\/#breadcrumb"},"inLanguage":"it-IT","potentialAction":[{"@type":"ReadAction","target":["https:\/\/emmavonzermatt.ch\/it\/autori\/"]}]},{"@type":"BreadcrumbList","@id":"https:\/\/emmavonzermatt.ch\/it\/autori\/#breadcrumb","itemListElement":[{"@type":"ListItem","position":1,"name":"Startseite","item":"https:\/\/emmavonzermatt.ch\/it\/"},{"@type":"ListItem","position":2,"name":"Autori"}]},{"@type":"WebSite","@id":"https:\/\/emmavonzermatt.ch\/it\/#website","url":"https:\/\/emmavonzermatt.ch\/it\/","name":"Emma von Zermatt","description":"Buch | Emma von Zermatt","publisher":{"@id":"https:\/\/emmavonzermatt.ch\/it\/#\/schema\/person\/4bd74e7eb4c18833cd85971618dff658"},"potentialAction":[{"@type":"SearchAction","target":{"@type":"EntryPoint","urlTemplate":"https:\/\/emmavonzermatt.ch\/it\/?s={search_term_string}"},"query-input":{"@type":"PropertyValueSpecification","valueRequired":true,"valueName":"search_term_string"}}],"inLanguage":"it-IT"},{"@type":["Person","Organization"],"@id":"https:\/\/emmavonzermatt.ch\/it\/#\/schema\/person\/4bd74e7eb4c18833cd85971618dff658","name":"admin","image":{"@type":"ImageObject","inLanguage":"it-IT","@id":"https:\/\/emmavonzermatt.ch\/wp-content\/uploads\/2022\/03\/favicon-evz-32x32-1.png","url":"https:\/\/emmavonzermatt.ch\/wp-content\/uploads\/2022\/03\/favicon-evz-32x32-1.png","contentUrl":"https:\/\/emmavonzermatt.ch\/wp-content\/uploads\/2022\/03\/favicon-evz-32x32-1.png","width":32,"height":32,"caption":"admin"},"logo":{"@id":"https:\/\/emmavonzermatt.ch\/wp-content\/uploads\/2022\/03\/favicon-evz-32x32-1.png"}}]}},"_links":{"self":[{"href":"https:\/\/emmavonzermatt.ch\/it\/wp-json\/wp\/v2\/pages\/4372","targetHints":{"allow":["GET"]}}],"collection":[{"href":"https:\/\/emmavonzermatt.ch\/it\/wp-json\/wp\/v2\/pages"}],"about":[{"href":"https:\/\/emmavonzermatt.ch\/it\/wp-json\/wp\/v2\/types\/page"}],"author":[{"embeddable":true,"href":"https:\/\/emmavonzermatt.ch\/it\/wp-json\/wp\/v2\/users\/1"}],"replies":[{"embeddable":true,"href":"https:\/\/emmavonzermatt.ch\/it\/wp-json\/wp\/v2\/comments?post=4372"}],"version-history":[{"count":5,"href":"https:\/\/emmavonzermatt.ch\/it\/wp-json\/wp\/v2\/pages\/4372\/revisions"}],"predecessor-version":[{"id":4629,"href":"https:\/\/emmavonzermatt.ch\/it\/wp-json\/wp\/v2\/pages\/4372\/revisions\/4629"}],"wp:attachment":[{"href":"https:\/\/emmavonzermatt.ch\/it\/wp-json\/wp\/v2\/media?parent=4372"}],"curies":[{"name":"wp","href":"https:\/\/api.w.org\/{rel}","templated":true}]}}