{"id":4355,"date":"2022-03-10T19:10:02","date_gmt":"2022-03-10T18:10:02","guid":{"rendered":"https:\/\/emmavonzermatt.ch\/agb\/"},"modified":"2025-12-01T12:09:20","modified_gmt":"2025-12-01T11:09:20","slug":"condizioni-generali-di-vendita","status":"publish","type":"page","link":"https:\/\/emmavonzermatt.ch\/it\/condizioni-generali-di-vendita\/","title":{"rendered":"Condizioni generali di vendita"},"content":{"rendered":"<div class=\"wpb-content-wrapper\"><p>[vc_row][vc_column][vc_column_text]<\/p>\n<h1>Condizioni generali di vendita<\/h1>\n<p>[\/vc_column_text][vc_empty_space height=&#8221;50px&#8221;][vc_column_text css=&#8221;&#8221;]<strong>1. Ambito di applicazione<\/strong><\/p>\n<p>L&#8217;utilizzo di questo sito web e il rapporto commerciale tra emmavonzermatt.ch, rappresentato dall\u2019editore BLABLA e i suoi clienti sono regolati dai seguenti Termini e Condizioni Generali (TCG), nella versione attualmente disponibile e valida al momento dell&#8217;apertura del sito web o dall&#8217;ordine della merce. L&#8217;offerta su questo sito web \u00e8 rivolta esclusivamente ai clienti domiciliati in Svizzera.<br \/>\nPer Cliente si intende qualsiasi persona fisica o giuridica che abbia un rapporto commerciale con emmavonzermatt.ch. I TCG, le condizioni di consegna e di pagamento e le disposizioni relative alla protezione dei dati possono essere soggetti a modifiche periodiche. emmavonzermatt.ch vi invita a leggere attentamente queste disposizioni ogni volta che visitate il sito e ogni volta che ordinate una merce.<br \/>\nI presenti CGV sono applicabili in via esclusiva. Eventuali condizioni contrastanti, complementari o divergenti dai presenti TGC devono essere espressamente confermate per iscritto da emmavonzermatt.ch per essere validi. Utilizzando questo sito web o ordinando la merce, il Cliente conferma di accettare integralmente i presenti TGV, comprese le condizioni di consegna e di pagamento.<br \/>\nL&#8217;eventuale invalidit\u00e0 o inapplicabilit\u00e0 di singole disposizioni dei presenti TGV non pregiudica la validit\u00e0 delle restanti disposizioni.<br \/>\nIl gestore di questo sito web \u00e8 l\u2019editore BLABLA (Nota legale).<br \/>\n2. Informazioni su questo sito web<br \/>\nemmavonzermatt.ch contiene informazioni su prodotti (libri) e servizi. Ci riserviamo il diritto di apportare modifiche ai prezzi, alla gamma di prodotti e modifiche tecniche. Tutti i dati presenti su emmavonzermatt.ch (descrizioni dei prodotti, illustrazioni, filmati, dimensioni, pesi, specifiche tecniche, relazioni accessorie e altri dati) sono da considerarsi solo come valori approssimativi e in particolare non costituiscono un&#8217;assicurazione di propriet\u00e0 o una garanzia, a meno che non sia esplicitamente dichiarato il contrario. emmavonzermatt.ch si sforza di fornire tutti i dati e le informazioni presenti su questo sito web in modo corretto, completo, aggiornato e chiaro, ma emmavonzermatt.ch non pu\u00f2 fornire alcuna garanzia in merito, n\u00e9 esplicitamente n\u00e9 implicitamente.<br \/>\nTutte le offerte presenti su questo sito web sono considerate non vincolanti e non devono essere intese come offerte vincolanti.<br \/>\nemmavonzermatt.ch non pu\u00f2 garantire che i prodotti indicati siano disponibili al momento dell&#8217;ordine. Pertanto, tutte le informazioni relative alla disponibilit\u00e0 e ai tempi di consegna sono fornite senza garanzia e possono essere modificate in qualsiasi momento senza preavviso.<br \/>\n3. Prezzi<br \/>\nI prezzi di emmavonzermatt.ch sono prezzi netti in franchi svizzeri (CHF). Le spese di spedizione, che includono i costi del materiale, sono addebitate in aggiunta e devono essere pagate dal Cliente. Le spese di spedizione sono indicate separatamente nel processo d&#8217;ordine (inserire carrello\/codice postale). Le spese di spedizione sono gratuite a partire da un valore d&#8217;ordine di 100 franchi svizzeri.<br \/>\nSalvo modifiche tecniche, errori e refusi, emmavonzermatt.ch pu\u00f2 modificare i prezzi in qualsiasi momento e senza preavviso. I prezzi di vendita non includono alcun servizio di consulenza o assistenza.<br \/>\n4. Conclusione del contratto<br \/>\nLe offerte presenti su questo sito web sono un invito non vincolante per il Cliente a ordinare prodotti e\/o servizi da emmavonzermatt.ch. Effettuando un ordine tramite questo sito web e accettando i presenti TCG, il Cliente fa un&#8217;offerta giuridicamente vincolante per la stipula di un contratto. emmavonzermatt.ch invia quindi una conferma d&#8217;ordine automatica via e-mail, che conferma che l&#8217;offerta del Cliente \u00e8 stata ricevuta da emmavonzermatt.ch. Gli ordini effettuati sono vincolanti per il Cliente. Se non diversamente indicato, non \u00e8 previsto il diritto di recesso o di restituzione.<br \/>\nIl contratto \u00e8 concluso nel momento in cui emmavonzermatt.ch invia una e-mail di accettazione che conferma la spedizione dei prodotti o servizi ordinati.<br \/>\nGli ordini vengono consegnati solo dopo aver ricevuto il pagamento completo e a condizione che la merce sia disponibile. Se, dopo la conclusione del contratto, risulta che la merce ordinata non pu\u00f2 essere consegnata o non pu\u00f2 essere consegnata completamente, emmavonzermatt.ch ha il diritto di recedere dal contratto in tutto o in parte. Se il pagamento del Cliente \u00e8 gi\u00e0 stato ricevuto da emmavonzermatt.ch, il pagamento sar\u00e0 rimborsato al Cliente. Se non \u00e8 ancora stato effettuato alcun pagamento, il Cliente \u00e8 esonerato dall&#8217;obbligo di pagamento. In caso di annullamento del contratto, emmavonzermatt.ch non \u00e8 tenuto a effettuare una consegna sostitutiva.<br \/>\n5. Opzioni di pagamento e riserva di propriet\u00e0<br \/>\nIl Cliente dispone delle opzioni di pagamento specificate nel processo d&#8217;ordine.<br \/>\nemmavonzermatt.ch si riserva il diritto di escludere i Clienti da determinate opzioni di pagamento o di richiedere un pagamento anticipato senza indicarne i motivi. In caso di ritardo nel pagamento da parte del Cliente, emmavonzermatt.ch pu\u00f2 addebitare un interesse di mora del 5% annuo e una tassa di sollecito di massimo 20 franchi svizzeri per ogni sollecito.<br \/>\nI prodotti consegnati al Cliente rimangono di propriet\u00e0 di emmavonzermatt.ch fino al loro completo pagamento.<br \/>\n6. Consegna, obbligo di controllo, reclami e restituzioni<br \/>\nFino a un valore d&#8217;ordine di 40 franchi svizzeri, le spese di spedizione ammontano a 10 franchi svizzeri. A partire da un valore d&#8217;ordine di 100 franchi, la consegna \u00e8 gratuita (il recapito avviene tramite BPost). Le spese di spedizione comprendono i costi del materiale.<br \/>\nLe consegne vengono inviate per posta all&#8217;indirizzo indicato dal Cliente nell&#8217;ordine. La fatturazione avviene via e-mail. Con la spedizione, il beneficio e il rischio vengono trasferiti al Cliente, nella misura in cui ci\u00f2 \u00e8 consentito dalla legge.<br \/>\nSe la consegna non pu\u00f2 essere effettuata o se il Cliente rifiuta la consegna, emmavonzermatt.ch pu\u00f2 recedere dal contratto dopo aver notificato un reclamo via e-mail al Cliente e aver fissato un termine ragionevole, nonch\u00e9 addebitare i costi dell\u2019inconveniente.<br \/>\nIl Cliente \u00e8 tenuto a controllare la merce consegnata subito dopo il ricevimento e a segnalare immediatamente per iscritto, per posta o per e-mail, all&#8217;indirizzo indicato nella nota legale, eventuali difetti per i quali emmavonzermatt.ch offre una garanzia.<br \/>\nLa restituzione a emmavonzermatt.ch avviene a spese e a rischio del Cliente. Il Cliente deve inviare la merce nella sua confezione originale, completa di tutti gli accessori e della bolla di consegna e da una descrizione dettagliata dei difetti all&#8217;indirizzo di restituzione indicato da emmavonzermatt.ch nella nota legale.<br \/>\nSe, dopo l\u2019ispezione da parte di emmavonzermatt.ch, la merce non presenta difetti rilevabili o non \u00e8 coperta dalla garanzia del produttore, emmavonzermatt.ch pu\u00f2 addebitare al Cliente i costi di rimozione, restituzione o l\u2019eventuale smaltimento.<br \/>\n7. Garanzia<br \/>\nemmavonzermatt.ch si impegna a fornire prodotti di qualit\u00e0 impeccabile. In caso di difetti segnalati tempestivamente, emmavonzermatt.ch garantisce l\u2019assenza di difetti e il corretto funzionamento dell\u2019articolo acquistato dal Cliente per il periodo di garanzia previsto dalla legge, che generalmente \u00e8 di due anni dalla data di consegna. \u00c8 a discrezione di emmavonzermatt.ch fornire la garanzia mediante riparazione gratuita, sostituzione equivalente o rimborso del prezzo di acquisto. Sono escluse ulteriori altre richieste di risarcimento.<br \/>\nLa garanzia non copre la normale usura e le conseguenze di un uso improprio o danni da parte del Cliente o di terzi, n\u00e9 i difetti causati da circostanze esterne. \u00c8 esclusa anche la garanzia per le parti consumabili e soggette a usura.<br \/>\nemmavonzermatt.ch non \u00e8 in grado di fornire alcuna assicurazione o garanzia circa l&#8217;attualit\u00e0, la completezza e la correttezza dei dati, nonch\u00e9 la disponibilit\u00e0 regolare o ininterrotta del sito web, delle sue funzioni, dei collegamenti ipertestuali integrati e di altri contenuti. In particolare, non \u00e8 garantito che l&#8217;uso del sito web non violi i diritti di terzi che non sono di propriet\u00e0 di emmavonzermatt.ch.<br \/>\n8. Responsabilit\u00e0<br \/>\nemmavonzermatt.ch esclude qualsiasi responsabilit\u00e0, indipendentemente dalla base giuridica, nonch\u00e9 qualsiasi richiesta di risarcimento danni nei confronti di emmavonzermatt.ch e di eventuali persone e agenti ausiliari. In particolare, emmavonzermatt.ch non risponde di danni indiretti e danni assoluti o ulteriori, di perdita di profitto o di qualsiasi altro danno personale, materiale o puramente pecuniario al Cliente. Ci\u00f2 non esclude una responsabilit\u00e0 legale obbligatoria, ad esempio in caso di negligenza grave o di dolo.<br \/>\nemmavonzermatt.ch utilizza i collegamenti ipertestuali solo per facilitare l&#8217;accesso del Cliente ad altre offerte web. emmavonzermatt.ch non possiede una conoscenza dettagliata del contenuto di questi siti web, n\u00e9 pu\u00f2 assumersi alcuna responsabilit\u00e0 per il contenuto di questi siti web.<br \/>\n9. Protezione dei dati<br \/>\nemmavonzermatt.ch pu\u00f2 trattare e utilizzare i dati registrati nel corso della conclusione del contratto per adempiere agli obblighi derivanti dal contratto di acquisto e utilizzarli per scopi di marketing. I dati necessari per l&#8217;esecuzione del servizio possono essere trasmessi anche a partner di servizio incaricati (partner logistici) o ad altri terzi.<br \/>\nUlteriori disposizioni sulla protezione dei dati sono disponibili al seguente link: Protezione dei dati.<br \/>\n10. Copyright | immagini \/ contenuti<br \/>\nTutti i contenuti, le foto, le immagini, i testi e la grafica del sito web emmavonzermatt.ch e dei libri stampati in vendita nello shop online emmavonzermatt.ch sono protetti dal diritto d&#8217;autore e non possono essere copiati, modificati, riprodotti o pubblicati in tutto o in parte senza previa autorizzazione scritta.<br \/>\n11. Iscrizione alla newsletter<br \/>\nIl gestore del sito web vi offre una newsletter in cui vi informa su eventi e offerte attuali. Se si desidera iscriversi alla newsletter, \u00e8 necessario fornire un indirizzo e-mail valido. Le iscrizioni alla newsletter vengono memorizzate per poter dimostrare il processo di registrazione in conformit\u00e0 con i requisiti legali. Ci\u00f2 include la memorizzazione dell&#8217;ora della registrazione e della conferma, nonch\u00e9 dell&#8217;indirizzo IP. Vengono registrate anche le modifiche ai vostri dati memorizzati presso il fornitore del servizio di spedizione. Cancellazione\/revoca &#8211; \u00c8 possibile cancellare la ricezione della newsletter in qualsiasi momento, ovvero revocare il proprio consenso. Troverete un link per la cancellazione della newsletter alla fine di ogni newsletter. Possiamo conservare gli indirizzi e-mail non sottoscritti per un massimo di tre anni sulla base dei nostri interessi legittimi prima di cancellarli, al fine di poter dimostrare un consenso precedentemente dato. La richiesta di cancellazione individuale \u00e8 possibile in qualsiasi momento. La newsletter viene inviata dal fornitore di servizi Mailchimp. Le disposizioni sulla protezione dei dati del fornitore di servizi di mailing sono disponibili qui: https:\/\/mailchimp.com\/legal\/. Il fornitore di servizi di spedizione viene utilizzato sulla base dei nostri interessi legittimi ai sensi del RGPD e di un contratto di elaborazione degli ordini.<br \/>\n12. Diritti dell&#8217;utente: informazione, correzione e cancellazione<br \/>\nL&#8217;utente pu\u00f2 ottenere gratuitamente, su richiesta, informazioni sui propri dati personali. Nella misura in cui la vostra richiesta non sia in contrasto con un obbligo legale di memorizzazione dei dati (ad esempio, la conservazione di dai), avete il diritto di far correggere i dati errati e di far bloccare o cancellare i vostri dati personali.<br \/>\n13. Altre disposizioni<br \/>\nemmavonzermatt.ch si riserva espressamente il diritto di modificare i presenti TCG in qualsiasi momento e di applicarli senza preavviso.<br \/>\nIn caso di controversia, si applica esclusivamente il diritto sostanziale svizzero, con esclusione delle norme sul conflitto. La Convenzione delle Nazioni Unite sui contratti di vendita internazionale di merci (CISG, Convenzione di Vienna) \u00e8 esplicitamente esclusa.<br \/>\nIl foro competente \u00e8 Neerach \/ ZH, nella misura in cui la legge non preveda un foro obbligatorio.<br \/>\n14. Contatto<br \/>\nIn caso di domande relative ai presenti TGC, si prega di contattarci.<br \/>\n(Versione 20 marzo 2022)[\/vc_column_text][\/vc_column][\/vc_row]<\/p>\n<\/div>","protected":false},"excerpt":{"rendered":"<p>[vc_row][vc_column][vc_column_text] Condizioni generali di vendita [\/vc_column_text][vc_empty_space height=&#8221;50px&#8221;][vc_column_text css=&#8221;&#8221;]1. Ambito di applicazione L&#8217;utilizzo di questo sito web e il rapporto commerciale tra emmavonzermatt.ch, rappresentato dall\u2019editore BLABLA e i suoi clienti sono regolati dai seguenti Termini e Condizioni Generali (TCG), nella versione attualmente disponibile e valida al momento dell&#8217;apertura del sito web o dall&#8217;ordine della merce. L&#8217;offerta&hellip;<\/p>\n","protected":false},"author":1,"featured_media":0,"parent":0,"menu_order":0,"comment_status":"closed","ping_status":"closed","template":"","meta":{"footnotes":""},"class_list":["post-4355","page","type-page","status-publish","hentry","description-off"],"yoast_head":"<!-- This site is optimized with the Yoast SEO plugin v27.4 - https:\/\/yoast.com\/product\/yoast-seo-wordpress\/ -->\n<title>Condizioni generali di vendita - Emma von Zermatt<\/title>\n<meta name=\"robots\" content=\"index, follow, max-snippet:-1, max-image-preview:large, max-video-preview:-1\" \/>\n<link rel=\"canonical\" href=\"https:\/\/emmavonzermatt.ch\/it\/condizioni-generali-di-vendita\/\" \/>\n<meta property=\"og:locale\" content=\"it_IT\" \/>\n<meta property=\"og:type\" content=\"article\" \/>\n<meta property=\"og:title\" content=\"Condizioni generali di vendita - Emma von Zermatt\" \/>\n<meta property=\"og:description\" content=\"[vc_row][vc_column][vc_column_text] Condizioni generali di vendita [\/vc_column_text][vc_empty_space height=&#8221;50px&#8221;][vc_column_text css=&#8221;&#8221;]1. Ambito di applicazione L&#8217;utilizzo di questo sito web e il rapporto commerciale tra emmavonzermatt.ch, rappresentato dall\u2019editore BLABLA e i suoi clienti sono regolati dai seguenti Termini e Condizioni Generali (TCG), nella versione attualmente disponibile e valida al momento dell&#8217;apertura del sito web o dall&#8217;ordine della merce. L&#8217;offerta&hellip;\" \/>\n<meta property=\"og:url\" content=\"https:\/\/emmavonzermatt.ch\/it\/condizioni-generali-di-vendita\/\" \/>\n<meta property=\"og:site_name\" content=\"Emma von Zermatt\" \/>\n<meta property=\"article:modified_time\" content=\"2025-12-01T11:09:20+00:00\" \/>\n<meta name=\"twitter:card\" content=\"summary_large_image\" \/>\n<meta name=\"twitter:label1\" content=\"Tempo di lettura stimato\" \/>\n\t<meta name=\"twitter:data1\" content=\"11 minuti\" \/>\n<script type=\"application\/ld+json\" class=\"yoast-schema-graph\">{\"@context\":\"https:\\\/\\\/schema.org\",\"@graph\":[{\"@type\":\"WebPage\",\"@id\":\"https:\\\/\\\/emmavonzermatt.ch\\\/it\\\/condizioni-generali-di-vendita\\\/\",\"url\":\"https:\\\/\\\/emmavonzermatt.ch\\\/it\\\/condizioni-generali-di-vendita\\\/\",\"name\":\"Condizioni generali di vendita - Emma von Zermatt\",\"isPartOf\":{\"@id\":\"https:\\\/\\\/emmavonzermatt.ch\\\/it\\\/#website\"},\"datePublished\":\"2022-03-10T18:10:02+00:00\",\"dateModified\":\"2025-12-01T11:09:20+00:00\",\"breadcrumb\":{\"@id\":\"https:\\\/\\\/emmavonzermatt.ch\\\/it\\\/condizioni-generali-di-vendita\\\/#breadcrumb\"},\"inLanguage\":\"it-IT\",\"potentialAction\":[{\"@type\":\"ReadAction\",\"target\":[\"https:\\\/\\\/emmavonzermatt.ch\\\/it\\\/condizioni-generali-di-vendita\\\/\"]}]},{\"@type\":\"BreadcrumbList\",\"@id\":\"https:\\\/\\\/emmavonzermatt.ch\\\/it\\\/condizioni-generali-di-vendita\\\/#breadcrumb\",\"itemListElement\":[{\"@type\":\"ListItem\",\"position\":1,\"name\":\"Startseite\",\"item\":\"https:\\\/\\\/emmavonzermatt.ch\\\/it\\\/\"},{\"@type\":\"ListItem\",\"position\":2,\"name\":\"Condizioni generali di vendita\"}]},{\"@type\":\"WebSite\",\"@id\":\"https:\\\/\\\/emmavonzermatt.ch\\\/it\\\/#website\",\"url\":\"https:\\\/\\\/emmavonzermatt.ch\\\/it\\\/\",\"name\":\"Emma von Zermatt\",\"description\":\"Buch | Emma von Zermatt\",\"publisher\":{\"@id\":\"https:\\\/\\\/emmavonzermatt.ch\\\/it\\\/#\\\/schema\\\/person\\\/4bd74e7eb4c18833cd85971618dff658\"},\"potentialAction\":[{\"@type\":\"SearchAction\",\"target\":{\"@type\":\"EntryPoint\",\"urlTemplate\":\"https:\\\/\\\/emmavonzermatt.ch\\\/it\\\/?s={search_term_string}\"},\"query-input\":{\"@type\":\"PropertyValueSpecification\",\"valueRequired\":true,\"valueName\":\"search_term_string\"}}],\"inLanguage\":\"it-IT\"},{\"@type\":[\"Person\",\"Organization\"],\"@id\":\"https:\\\/\\\/emmavonzermatt.ch\\\/it\\\/#\\\/schema\\\/person\\\/4bd74e7eb4c18833cd85971618dff658\",\"name\":\"admin\",\"image\":{\"@type\":\"ImageObject\",\"inLanguage\":\"it-IT\",\"@id\":\"https:\\\/\\\/emmavonzermatt.ch\\\/wp-content\\\/uploads\\\/2022\\\/03\\\/favicon-evz-32x32-1.png\",\"url\":\"https:\\\/\\\/emmavonzermatt.ch\\\/wp-content\\\/uploads\\\/2022\\\/03\\\/favicon-evz-32x32-1.png\",\"contentUrl\":\"https:\\\/\\\/emmavonzermatt.ch\\\/wp-content\\\/uploads\\\/2022\\\/03\\\/favicon-evz-32x32-1.png\",\"width\":32,\"height\":32,\"caption\":\"admin\"},\"logo\":{\"@id\":\"https:\\\/\\\/emmavonzermatt.ch\\\/wp-content\\\/uploads\\\/2022\\\/03\\\/favicon-evz-32x32-1.png\"}}]}<\/script>\n<!-- \/ Yoast SEO plugin. -->","yoast_head_json":{"title":"Condizioni generali di vendita - Emma von Zermatt","robots":{"index":"index","follow":"follow","max-snippet":"max-snippet:-1","max-image-preview":"max-image-preview:large","max-video-preview":"max-video-preview:-1"},"canonical":"https:\/\/emmavonzermatt.ch\/it\/condizioni-generali-di-vendita\/","og_locale":"it_IT","og_type":"article","og_title":"Condizioni generali di vendita - Emma von Zermatt","og_description":"[vc_row][vc_column][vc_column_text] Condizioni generali di vendita [\/vc_column_text][vc_empty_space height=&#8221;50px&#8221;][vc_column_text css=&#8221;&#8221;]1. Ambito di applicazione L&#8217;utilizzo di questo sito web e il rapporto commerciale tra emmavonzermatt.ch, rappresentato dall\u2019editore BLABLA e i suoi clienti sono regolati dai seguenti Termini e Condizioni Generali (TCG), nella versione attualmente disponibile e valida al momento dell&#8217;apertura del sito web o dall&#8217;ordine della merce. L&#8217;offerta&hellip;","og_url":"https:\/\/emmavonzermatt.ch\/it\/condizioni-generali-di-vendita\/","og_site_name":"Emma von Zermatt","article_modified_time":"2025-12-01T11:09:20+00:00","twitter_card":"summary_large_image","twitter_misc":{"Tempo di lettura stimato":"11 minuti"},"schema":{"@context":"https:\/\/schema.org","@graph":[{"@type":"WebPage","@id":"https:\/\/emmavonzermatt.ch\/it\/condizioni-generali-di-vendita\/","url":"https:\/\/emmavonzermatt.ch\/it\/condizioni-generali-di-vendita\/","name":"Condizioni generali di vendita - Emma von Zermatt","isPartOf":{"@id":"https:\/\/emmavonzermatt.ch\/it\/#website"},"datePublished":"2022-03-10T18:10:02+00:00","dateModified":"2025-12-01T11:09:20+00:00","breadcrumb":{"@id":"https:\/\/emmavonzermatt.ch\/it\/condizioni-generali-di-vendita\/#breadcrumb"},"inLanguage":"it-IT","potentialAction":[{"@type":"ReadAction","target":["https:\/\/emmavonzermatt.ch\/it\/condizioni-generali-di-vendita\/"]}]},{"@type":"BreadcrumbList","@id":"https:\/\/emmavonzermatt.ch\/it\/condizioni-generali-di-vendita\/#breadcrumb","itemListElement":[{"@type":"ListItem","position":1,"name":"Startseite","item":"https:\/\/emmavonzermatt.ch\/it\/"},{"@type":"ListItem","position":2,"name":"Condizioni generali di vendita"}]},{"@type":"WebSite","@id":"https:\/\/emmavonzermatt.ch\/it\/#website","url":"https:\/\/emmavonzermatt.ch\/it\/","name":"Emma von Zermatt","description":"Buch | Emma von Zermatt","publisher":{"@id":"https:\/\/emmavonzermatt.ch\/it\/#\/schema\/person\/4bd74e7eb4c18833cd85971618dff658"},"potentialAction":[{"@type":"SearchAction","target":{"@type":"EntryPoint","urlTemplate":"https:\/\/emmavonzermatt.ch\/it\/?s={search_term_string}"},"query-input":{"@type":"PropertyValueSpecification","valueRequired":true,"valueName":"search_term_string"}}],"inLanguage":"it-IT"},{"@type":["Person","Organization"],"@id":"https:\/\/emmavonzermatt.ch\/it\/#\/schema\/person\/4bd74e7eb4c18833cd85971618dff658","name":"admin","image":{"@type":"ImageObject","inLanguage":"it-IT","@id":"https:\/\/emmavonzermatt.ch\/wp-content\/uploads\/2022\/03\/favicon-evz-32x32-1.png","url":"https:\/\/emmavonzermatt.ch\/wp-content\/uploads\/2022\/03\/favicon-evz-32x32-1.png","contentUrl":"https:\/\/emmavonzermatt.ch\/wp-content\/uploads\/2022\/03\/favicon-evz-32x32-1.png","width":32,"height":32,"caption":"admin"},"logo":{"@id":"https:\/\/emmavonzermatt.ch\/wp-content\/uploads\/2022\/03\/favicon-evz-32x32-1.png"}}]}},"_links":{"self":[{"href":"https:\/\/emmavonzermatt.ch\/it\/wp-json\/wp\/v2\/pages\/4355","targetHints":{"allow":["GET"]}}],"collection":[{"href":"https:\/\/emmavonzermatt.ch\/it\/wp-json\/wp\/v2\/pages"}],"about":[{"href":"https:\/\/emmavonzermatt.ch\/it\/wp-json\/wp\/v2\/types\/page"}],"author":[{"embeddable":true,"href":"https:\/\/emmavonzermatt.ch\/it\/wp-json\/wp\/v2\/users\/1"}],"replies":[{"embeddable":true,"href":"https:\/\/emmavonzermatt.ch\/it\/wp-json\/wp\/v2\/comments?post=4355"}],"version-history":[{"count":6,"href":"https:\/\/emmavonzermatt.ch\/it\/wp-json\/wp\/v2\/pages\/4355\/revisions"}],"predecessor-version":[{"id":4899,"href":"https:\/\/emmavonzermatt.ch\/it\/wp-json\/wp\/v2\/pages\/4355\/revisions\/4899"}],"wp:attachment":[{"href":"https:\/\/emmavonzermatt.ch\/it\/wp-json\/wp\/v2\/media?parent=4355"}],"curies":[{"name":"wp","href":"https:\/\/api.w.org\/{rel}","templated":true}]}}