{"id":4426,"date":"2022-03-10T17:26:56","date_gmt":"2022-03-10T16:26:56","guid":{"rendered":"https:\/\/emmavonzermatt.ch\/produkt\/emma-decouvre-la-suisse\/"},"modified":"2024-09-10T08:45:27","modified_gmt":"2024-09-10T06:45:27","slug":"emma-decouvre-la-suisse","status":"publish","type":"product","link":"https:\/\/emmavonzermatt.ch\/fr\/produkt\/emma-decouvre-la-suisse\/","title":{"rendered":"Emma d\u00e9couvre la Suisse"},"content":{"rendered":"<div class=\"wpb-content-wrapper\"><p>[vc_row][vc_column][vc_empty_space][vc_column_text]Salut !<\/p>\n<p>Je m&rsquo;appelle Emma et j&rsquo;habite en face du Cervin avec ma familie. Comme je suis curieuse, je me suis cach\u00e9e dans un sac \u00e0 dos pour aller voir le jet d&rsquo;eau \u00e0 Gen\u00e8ve. Toutefois, le voyage ne s&rsquo;est pas pass\u00e9 comme je pensais. D\u00e9couvre dans ce livre toutes les \u00e9tapes et p\u00e9rip\u00e9ties de mon escapade.[\/vc_column_text][vc_empty_space][vc_column_text]ISBN: 978\u20133\u20139525486\u20130\u20138[\/vc_column_text][\/vc_column][\/vc_row][vc_row][vc_column][vc_empty_space][vc_column_text]<\/p>\n<ul>\n<li>72 pages<\/li>\n<li>Convient aux enfants \u00e0 partir de 6 ans<\/li>\n<li>22.4 x 28.7 cm<\/li>\n<li>Livre \u00e0 couverture rigide<\/li>\n<\/ul>\n<p>[\/vc_column_text][vc_empty_space][vc_empty_space][\/vc_column][\/vc_row][vc_row][vc_column width=\u00a0\u00bb1\/2&Prime;][vc_video link=\u00a0\u00bbhttps:\/\/youtu.be\/54FjmDSgNcQ\u00a0\u00bb][vc_empty_space][\/vc_column][vc_column width=\u00a0\u00bb1\/2&Prime;]<style type=\"text\/css\" data-type=\"the7_shortcodes-inline-css\">#default-btn-2c5457b0c9ed8dfc374ebc184a0d1b28.ico-right-side > i {\n  margin-right: 0px;\n  margin-left: 8px;\n}\n#default-btn-2c5457b0c9ed8dfc374ebc184a0d1b28 > i {\n  margin-right: 8px;\n}<\/style><a href=\"https:\/\/emmavonzermatt.ch\/fr\/boutique\/\" class=\"default-btn-shortcode dt-btn dt-btn-s link-hover-off btn-inline-left \" id=\"default-btn-2c5457b0c9ed8dfc374ebc184a0d1b28\" title=\"Shop\"><span>Retour au boutique<\/span><\/a>[\/vc_column][\/vc_row]<\/p>\n<\/div>","protected":false},"excerpt":{"rendered":"<p>Un livre pour enfants en fran\u00e7ais. D\u00e9couvre la Suisse avec Emma, la sympathique marmotte de Zermatt. Les amusantes illustrations de Roser Matas accompagne l&rsquo;enrichissante histoire de Sabine K\u00f6nig.<\/p>\n","protected":false},"featured_media":4618,"template":"","meta":[],"product_brand":[],"product_cat":[],"product_tag":[],"class_list":{"0":"post-4426","1":"product","2":"type-product","3":"status-publish","4":"has-post-thumbnail","6":"description-off","8":"first","9":"instock","10":"shipping-taxable","11":"purchasable","12":"product-type-simple"},"yoast_head":"<!-- This site is optimized with the Yoast SEO plugin v27.4 - https:\/\/yoast.com\/product\/yoast-seo-wordpress\/ -->\n<title>Emma d\u00e9couvre la Suisse | Sabine K\u00f6nig et Roser Matas<\/title>\n<meta name=\"description\" content=\"Un livre pour d\u00e9couvrir la Suisse en compagnie d&#039;une sympathique marmotte. Existe en fran\u00e7ais, allemand, anglais et italien.\" \/>\n<meta name=\"robots\" content=\"index, follow, max-snippet:-1, max-image-preview:large, max-video-preview:-1\" \/>\n<link rel=\"canonical\" href=\"https:\/\/emmavonzermatt.ch\/fr\/produkt\/emma-decouvre-la-suisse\/\" \/>\n<meta property=\"og:locale\" content=\"fr_FR\" \/>\n<meta property=\"og:type\" content=\"article\" \/>\n<meta property=\"og:title\" content=\"Emma d\u00e9couvre la Suisse | Sabine K\u00f6nig et Roser Matas\" \/>\n<meta property=\"og:description\" content=\"Un livre pour d\u00e9couvrir la Suisse en compagnie d&#039;une sympathique marmotte. Existe en fran\u00e7ais, allemand, anglais et italien.\" \/>\n<meta property=\"og:url\" content=\"https:\/\/emmavonzermatt.ch\/fr\/produkt\/emma-decouvre-la-suisse\/\" \/>\n<meta property=\"og:site_name\" content=\"Emma von Zermatt\" \/>\n<meta property=\"article:modified_time\" content=\"2024-09-10T06:45:27+00:00\" \/>\n<meta property=\"og:image\" content=\"https:\/\/emmavonzermatt.ch\/wp-content\/uploads\/2022\/03\/Emma-von-Zermatt-fr.png\" \/>\n\t<meta property=\"og:image:width\" content=\"500\" \/>\n\t<meta property=\"og:image:height\" content=\"500\" \/>\n\t<meta property=\"og:image:type\" content=\"image\/png\" \/>\n<meta name=\"twitter:card\" content=\"summary_large_image\" \/>\n<meta name=\"twitter:label1\" content=\"Dur\u00e9e de lecture estim\u00e9e\" \/>\n\t<meta name=\"twitter:data1\" content=\"1 minute\" \/>\n<script type=\"application\/ld+json\" class=\"yoast-schema-graph\">{\"@context\":\"https:\\\/\\\/schema.org\",\"@graph\":[{\"@type\":\"WebPage\",\"@id\":\"https:\\\/\\\/emmavonzermatt.ch\\\/fr\\\/produkt\\\/emma-decouvre-la-suisse\\\/\",\"url\":\"https:\\\/\\\/emmavonzermatt.ch\\\/fr\\\/produkt\\\/emma-decouvre-la-suisse\\\/\",\"name\":\"Emma d\u00e9couvre la Suisse | Sabine K\u00f6nig et Roser Matas\",\"isPartOf\":{\"@id\":\"https:\\\/\\\/emmavonzermatt.ch\\\/fr\\\/#website\"},\"primaryImageOfPage\":{\"@id\":\"https:\\\/\\\/emmavonzermatt.ch\\\/fr\\\/produkt\\\/emma-decouvre-la-suisse\\\/#primaryimage\"},\"image\":{\"@id\":\"https:\\\/\\\/emmavonzermatt.ch\\\/fr\\\/produkt\\\/emma-decouvre-la-suisse\\\/#primaryimage\"},\"thumbnailUrl\":\"https:\\\/\\\/emmavonzermatt.ch\\\/wp-content\\\/uploads\\\/2022\\\/03\\\/Emma-von-Zermatt-fr.png\",\"datePublished\":\"2022-03-10T16:26:56+00:00\",\"dateModified\":\"2024-09-10T06:45:27+00:00\",\"description\":\"Un livre pour d\u00e9couvrir la Suisse en compagnie d'une sympathique marmotte. Existe en fran\u00e7ais, allemand, anglais et italien.\",\"breadcrumb\":{\"@id\":\"https:\\\/\\\/emmavonzermatt.ch\\\/fr\\\/produkt\\\/emma-decouvre-la-suisse\\\/#breadcrumb\"},\"inLanguage\":\"fr-FR\",\"potentialAction\":[{\"@type\":\"ReadAction\",\"target\":[\"https:\\\/\\\/emmavonzermatt.ch\\\/fr\\\/produkt\\\/emma-decouvre-la-suisse\\\/\"]}]},{\"@type\":\"ImageObject\",\"inLanguage\":\"fr-FR\",\"@id\":\"https:\\\/\\\/emmavonzermatt.ch\\\/fr\\\/produkt\\\/emma-decouvre-la-suisse\\\/#primaryimage\",\"url\":\"https:\\\/\\\/emmavonzermatt.ch\\\/wp-content\\\/uploads\\\/2022\\\/03\\\/Emma-von-Zermatt-fr.png\",\"contentUrl\":\"https:\\\/\\\/emmavonzermatt.ch\\\/wp-content\\\/uploads\\\/2022\\\/03\\\/Emma-von-Zermatt-fr.png\",\"width\":500,\"height\":500},{\"@type\":\"BreadcrumbList\",\"@id\":\"https:\\\/\\\/emmavonzermatt.ch\\\/fr\\\/produkt\\\/emma-decouvre-la-suisse\\\/#breadcrumb\",\"itemListElement\":[{\"@type\":\"ListItem\",\"position\":1,\"name\":\"Startseite\",\"item\":\"https:\\\/\\\/emmavonzermatt.ch\\\/fr\\\/\"},{\"@type\":\"ListItem\",\"position\":2,\"name\":\"Boutique\",\"item\":\"https:\\\/\\\/emmavonzermatt.ch\\\/fr\\\/boutique\\\/\"},{\"@type\":\"ListItem\",\"position\":3,\"name\":\"Emma d\u00e9couvre la Suisse\"}]},{\"@type\":\"WebSite\",\"@id\":\"https:\\\/\\\/emmavonzermatt.ch\\\/fr\\\/#website\",\"url\":\"https:\\\/\\\/emmavonzermatt.ch\\\/fr\\\/\",\"name\":\"Emma von Zermatt\",\"description\":\"Buch | Emma von Zermatt\",\"publisher\":{\"@id\":\"https:\\\/\\\/emmavonzermatt.ch\\\/fr\\\/#\\\/schema\\\/person\\\/4bd74e7eb4c18833cd85971618dff658\"},\"potentialAction\":[{\"@type\":\"SearchAction\",\"target\":{\"@type\":\"EntryPoint\",\"urlTemplate\":\"https:\\\/\\\/emmavonzermatt.ch\\\/fr\\\/?s={search_term_string}\"},\"query-input\":{\"@type\":\"PropertyValueSpecification\",\"valueRequired\":true,\"valueName\":\"search_term_string\"}}],\"inLanguage\":\"fr-FR\"},{\"@type\":[\"Person\",\"Organization\"],\"@id\":\"https:\\\/\\\/emmavonzermatt.ch\\\/fr\\\/#\\\/schema\\\/person\\\/4bd74e7eb4c18833cd85971618dff658\",\"name\":\"admin\",\"image\":{\"@type\":\"ImageObject\",\"inLanguage\":\"fr-FR\",\"@id\":\"https:\\\/\\\/emmavonzermatt.ch\\\/wp-content\\\/uploads\\\/2022\\\/03\\\/favicon-evz-32x32-1.png\",\"url\":\"https:\\\/\\\/emmavonzermatt.ch\\\/wp-content\\\/uploads\\\/2022\\\/03\\\/favicon-evz-32x32-1.png\",\"contentUrl\":\"https:\\\/\\\/emmavonzermatt.ch\\\/wp-content\\\/uploads\\\/2022\\\/03\\\/favicon-evz-32x32-1.png\",\"width\":32,\"height\":32,\"caption\":\"admin\"},\"logo\":{\"@id\":\"https:\\\/\\\/emmavonzermatt.ch\\\/wp-content\\\/uploads\\\/2022\\\/03\\\/favicon-evz-32x32-1.png\"}}]}<\/script>\n<!-- \/ Yoast SEO plugin. -->","yoast_head_json":{"title":"Emma d\u00e9couvre la Suisse | Sabine K\u00f6nig et Roser Matas","description":"Un livre pour d\u00e9couvrir la Suisse en compagnie d'une sympathique marmotte. Existe en fran\u00e7ais, allemand, anglais et italien.","robots":{"index":"index","follow":"follow","max-snippet":"max-snippet:-1","max-image-preview":"max-image-preview:large","max-video-preview":"max-video-preview:-1"},"canonical":"https:\/\/emmavonzermatt.ch\/fr\/produkt\/emma-decouvre-la-suisse\/","og_locale":"fr_FR","og_type":"article","og_title":"Emma d\u00e9couvre la Suisse | Sabine K\u00f6nig et Roser Matas","og_description":"Un livre pour d\u00e9couvrir la Suisse en compagnie d'une sympathique marmotte. Existe en fran\u00e7ais, allemand, anglais et italien.","og_url":"https:\/\/emmavonzermatt.ch\/fr\/produkt\/emma-decouvre-la-suisse\/","og_site_name":"Emma von Zermatt","article_modified_time":"2024-09-10T06:45:27+00:00","og_image":[{"width":500,"height":500,"url":"https:\/\/emmavonzermatt.ch\/wp-content\/uploads\/2022\/03\/Emma-von-Zermatt-fr.png","type":"image\/png"}],"twitter_card":"summary_large_image","twitter_misc":{"Dur\u00e9e de lecture estim\u00e9e":"1 minute"},"schema":{"@context":"https:\/\/schema.org","@graph":[{"@type":"WebPage","@id":"https:\/\/emmavonzermatt.ch\/fr\/produkt\/emma-decouvre-la-suisse\/","url":"https:\/\/emmavonzermatt.ch\/fr\/produkt\/emma-decouvre-la-suisse\/","name":"Emma d\u00e9couvre la Suisse | Sabine K\u00f6nig et Roser Matas","isPartOf":{"@id":"https:\/\/emmavonzermatt.ch\/fr\/#website"},"primaryImageOfPage":{"@id":"https:\/\/emmavonzermatt.ch\/fr\/produkt\/emma-decouvre-la-suisse\/#primaryimage"},"image":{"@id":"https:\/\/emmavonzermatt.ch\/fr\/produkt\/emma-decouvre-la-suisse\/#primaryimage"},"thumbnailUrl":"https:\/\/emmavonzermatt.ch\/wp-content\/uploads\/2022\/03\/Emma-von-Zermatt-fr.png","datePublished":"2022-03-10T16:26:56+00:00","dateModified":"2024-09-10T06:45:27+00:00","description":"Un livre pour d\u00e9couvrir la Suisse en compagnie d'une sympathique marmotte. Existe en fran\u00e7ais, allemand, anglais et italien.","breadcrumb":{"@id":"https:\/\/emmavonzermatt.ch\/fr\/produkt\/emma-decouvre-la-suisse\/#breadcrumb"},"inLanguage":"fr-FR","potentialAction":[{"@type":"ReadAction","target":["https:\/\/emmavonzermatt.ch\/fr\/produkt\/emma-decouvre-la-suisse\/"]}]},{"@type":"ImageObject","inLanguage":"fr-FR","@id":"https:\/\/emmavonzermatt.ch\/fr\/produkt\/emma-decouvre-la-suisse\/#primaryimage","url":"https:\/\/emmavonzermatt.ch\/wp-content\/uploads\/2022\/03\/Emma-von-Zermatt-fr.png","contentUrl":"https:\/\/emmavonzermatt.ch\/wp-content\/uploads\/2022\/03\/Emma-von-Zermatt-fr.png","width":500,"height":500},{"@type":"BreadcrumbList","@id":"https:\/\/emmavonzermatt.ch\/fr\/produkt\/emma-decouvre-la-suisse\/#breadcrumb","itemListElement":[{"@type":"ListItem","position":1,"name":"Startseite","item":"https:\/\/emmavonzermatt.ch\/fr\/"},{"@type":"ListItem","position":2,"name":"Boutique","item":"https:\/\/emmavonzermatt.ch\/fr\/boutique\/"},{"@type":"ListItem","position":3,"name":"Emma d\u00e9couvre la Suisse"}]},{"@type":"WebSite","@id":"https:\/\/emmavonzermatt.ch\/fr\/#website","url":"https:\/\/emmavonzermatt.ch\/fr\/","name":"Emma von Zermatt","description":"Buch | Emma von Zermatt","publisher":{"@id":"https:\/\/emmavonzermatt.ch\/fr\/#\/schema\/person\/4bd74e7eb4c18833cd85971618dff658"},"potentialAction":[{"@type":"SearchAction","target":{"@type":"EntryPoint","urlTemplate":"https:\/\/emmavonzermatt.ch\/fr\/?s={search_term_string}"},"query-input":{"@type":"PropertyValueSpecification","valueRequired":true,"valueName":"search_term_string"}}],"inLanguage":"fr-FR"},{"@type":["Person","Organization"],"@id":"https:\/\/emmavonzermatt.ch\/fr\/#\/schema\/person\/4bd74e7eb4c18833cd85971618dff658","name":"admin","image":{"@type":"ImageObject","inLanguage":"fr-FR","@id":"https:\/\/emmavonzermatt.ch\/wp-content\/uploads\/2022\/03\/favicon-evz-32x32-1.png","url":"https:\/\/emmavonzermatt.ch\/wp-content\/uploads\/2022\/03\/favicon-evz-32x32-1.png","contentUrl":"https:\/\/emmavonzermatt.ch\/wp-content\/uploads\/2022\/03\/favicon-evz-32x32-1.png","width":32,"height":32,"caption":"admin"},"logo":{"@id":"https:\/\/emmavonzermatt.ch\/wp-content\/uploads\/2022\/03\/favicon-evz-32x32-1.png"}}]}},"_links":{"self":[{"href":"https:\/\/emmavonzermatt.ch\/fr\/wp-json\/wp\/v2\/product\/4426","targetHints":{"allow":["GET"]}}],"collection":[{"href":"https:\/\/emmavonzermatt.ch\/fr\/wp-json\/wp\/v2\/product"}],"about":[{"href":"https:\/\/emmavonzermatt.ch\/fr\/wp-json\/wp\/v2\/types\/product"}],"wp:featuredmedia":[{"embeddable":true,"href":"https:\/\/emmavonzermatt.ch\/fr\/wp-json\/wp\/v2\/media\/4618"}],"wp:attachment":[{"href":"https:\/\/emmavonzermatt.ch\/fr\/wp-json\/wp\/v2\/media?parent=4426"}],"wp:term":[{"taxonomy":"product_brand","embeddable":true,"href":"https:\/\/emmavonzermatt.ch\/fr\/wp-json\/wp\/v2\/product_brand?post=4426"},{"taxonomy":"product_cat","embeddable":true,"href":"https:\/\/emmavonzermatt.ch\/fr\/wp-json\/wp\/v2\/product_cat?post=4426"},{"taxonomy":"product_tag","embeddable":true,"href":"https:\/\/emmavonzermatt.ch\/fr\/wp-json\/wp\/v2\/product_tag?post=4426"}],"curies":[{"name":"wp","href":"https:\/\/api.w.org\/{rel}","templated":true}]}}