{"id":4422,"date":"2022-03-10T17:27:50","date_gmt":"2022-03-10T16:27:50","guid":{"rendered":"https:\/\/emmavonzermatt.ch\/produkt\/emma-entdeckt-die-schweiz\/"},"modified":"2023-08-24T11:30:10","modified_gmt":"2023-08-24T09:30:10","slug":"emma-entdeckt-die-schweiz","status":"publish","type":"product","link":"https:\/\/emmavonzermatt.ch\/fr\/produkt\/emma-entdeckt-die-schweiz\/","title":{"rendered":"Emma entdeckt die Schweiz"},"content":{"rendered":"<div class=\"wpb-content-wrapper\"><p>[vc_row][vc_column][vc_empty_space][vc_column_text]Hallo!<\/p>\n<p>Ich heisse Emma und wohne mit meiner Familie gegen\u00fcber vom Matterhorn. Weil ich neugierig bin, habe ich mich in einem Rucksack versteckt, um den riesigen Springbrunnen in Genf zu sehen. Aber meine Reise ist nicht genau so verlaufen, wie ich dachte. Entdecke in diesem Buch wohin ich \u00dcberhall hingekommen bin.[\/vc_column_text][vc_empty_space][vc_column_text]ISBN: 978\u20133\u20139525486\u20132\u20132[\/vc_column_text][\/vc_column][\/vc_row][vc_row][vc_column][vc_empty_space][vc_column_text]<\/p>\n<ul>\n<li>72 pages<\/li>\n<li>Convient aux enfants \u00e0 partir de 6 ans<\/li>\n<li>22.4 x 28.7 cm<\/li>\n<li>Livre \u00e0 couverture rigide<\/li>\n<\/ul>\n<p>[\/vc_column_text][vc_empty_space][\/vc_column][\/vc_row][vc_row][vc_column width=\u00a0\u00bb1\/2&Prime;]<div id=\"ultimate-video-72696a03f45e5b65c\" class=\"ult-video  ult-adjust-bottom-margin ultimate-video-72696a03f45e5b65c ultv-3858 \"><div class=\"ultv-video ultv-aspect-ratio-16_9 ultv-subscribe-responsive-none\" data-videotype=\"uv_iframe\">\n\t\t\t\t\t\t<div class=\"ultv-video__outer-wrap\" data-autoplay=\"0\" data-device=\"false\"  data-iconbg=\"#3A3A3A\" data-overcolor=\"\" data-defaultbg=\"#1f1f1e\" data-defaultplay=\"defaulticon\"><div class=\"ultv-video__play\" data-src=\"https:\/\/www.youtube-nocookie.com\/embed\/yg1OLtJlAWI?rel=0&#038;start&#038;end&#038;controls=1&#038;mute=0&#038;modestbranding=0&#038;autoplay=1\">\n\t\t\t\t\t\t\t\t<img decoding=\"async\" class=\"ultv-video__thumb\" src=\"https:\/\/i.ytimg.com\/vi\/yg1OLtJlAWI\/maxresdefault.jpg\"\/>\n\t\t\t\t\t\t\t\t<div class=\"ultv-video__play-icon  ultv-animation-none\" style=\"width:75px\"><svg height=\"100%\" version=\"1.1\" viewBox=\"0 0 68 48\" width=\"100%\"><path class=\"ultv-youtube-icon-bg\" d=\"m .66,37.62 c 0,0 .66,4.70 2.70,6.77 2.58,2.71 5.98,2.63 7.49,2.91 5.43,.52 23.10,.68 23.12,.68 .00,-1.3e-5 14.29,-0.02 23.81,-0.71 1.32,-0.15 4.22,-0.17 6.81,-2.89 2.03,-2.07 2.70,-6.77 2.70,-6.77 0,0 .67,-5.52 .67,-11.04 l 0,-5.17 c 0,-5.52 -0.67,-11.04 -0.67,-11.04 0,0 -0.66,-4.70 -2.70,-6.77 C 62.03,.86 59.13,.84 57.80,.69 48.28,0 34.00,0 34.00,0 33.97,0 19.69,0 10.18,.69 8.85,.84 5.95,.86 3.36,3.58 1.32,5.65 .66,10.35 .66,10.35 c 0,0 -0.55,4.50 -0.66,9.45 l 0,8.36 c .10,4.94 .66,9.45 .66,9.45 z\" fill=\"#1f1f1e\" ><\/path><path d=\"m 26.96,13.67 18.37,9.62 -18.37,9.55 -0.00,-19.17 z\" fill=\"#fff\"><\/path><path d=\"M 45.02,23.46 45.32,23.28 26.96,13.67 43.32,22.34 45.02,23.46 z\" fill=\"#ccc\"><\/path><\/svg><\/div> <\/div> <\/div><\/div><\/div>[vc_empty_space][\/vc_column][vc_column width=\u00a0\u00bb1\/2&Prime;]<style type=\"text\/css\" data-type=\"the7_shortcodes-inline-css\">#default-btn-2c5457b0c9ed8dfc374ebc184a0d1b28.ico-right-side > i {\n  margin-right: 0px;\n  margin-left: 8px;\n}\n#default-btn-2c5457b0c9ed8dfc374ebc184a0d1b28 > i {\n  margin-right: 8px;\n}<\/style><a href=\"https:\/\/emmavonzermatt.ch\/fr\/boutique\/\" class=\"default-btn-shortcode dt-btn dt-btn-s link-hover-off btn-inline-left \" id=\"default-btn-2c5457b0c9ed8dfc374ebc184a0d1b28\" title=\"Shop\"><span>Retour \u00e0 la boutique<\/span><\/a>[\/vc_column][\/vc_row]<\/p>\n<\/div>","protected":false},"excerpt":{"rendered":"<p>Un livre pour enfants pour d\u00e9couvrir la Suisse en compagnie d&rsquo;une charmante petite marmotte qui s&rsquo;appelle Emma. La divertissante histoire de Sabine K\u00f6nig est enrichie par les amusantes illustrations de Roser Matas.<\/p>\n","protected":false},"featured_media":4610,"template":"","meta":[],"product_brand":[],"product_cat":[],"product_tag":[],"class_list":{"0":"post-4422","1":"product","2":"type-product","3":"status-publish","4":"has-post-thumbnail","6":"description-off","8":"first","9":"instock","10":"shipping-taxable","11":"purchasable","12":"product-type-simple"},"yoast_head":"<!-- This site is optimized with the Yoast SEO plugin v27.4 - https:\/\/yoast.com\/product\/yoast-seo-wordpress\/ -->\n<title>Emma entdeckt die Schweiz |\u00a0Kinderbuch von Sabine K\u00f6nig<\/title>\n<meta name=\"description\" content=\"Ein Kinderbuch, um die Schweiz zusammen mit einem Murmeltier kennenzulernen. Erh\u00e4ltlich auf Deutsch, Franz\u00f6sisch, Italienisch und Englisch.\" \/>\n<meta name=\"robots\" content=\"index, follow, max-snippet:-1, max-image-preview:large, max-video-preview:-1\" \/>\n<link rel=\"canonical\" href=\"https:\/\/emmavonzermatt.ch\/fr\/produkt\/emma-entdeckt-die-schweiz\/\" \/>\n<meta property=\"og:locale\" content=\"fr_FR\" \/>\n<meta property=\"og:type\" content=\"article\" \/>\n<meta property=\"og:title\" content=\"Emma entdeckt die Schweiz |\u00a0Kinderbuch von Sabine K\u00f6nig\" \/>\n<meta property=\"og:description\" content=\"Ein Kinderbuch, um die Schweiz zusammen mit einem Murmeltier kennenzulernen. Erh\u00e4ltlich auf Deutsch, Franz\u00f6sisch, Italienisch und Englisch.\" \/>\n<meta property=\"og:url\" content=\"https:\/\/emmavonzermatt.ch\/fr\/produkt\/emma-entdeckt-die-schweiz\/\" \/>\n<meta property=\"og:site_name\" content=\"Emma von Zermatt\" \/>\n<meta property=\"article:modified_time\" content=\"2023-08-24T09:30:10+00:00\" \/>\n<meta property=\"og:image\" content=\"https:\/\/emmavonzermatt.ch\/wp-content\/uploads\/2022\/03\/Emma-von-Zermatt-de.png\" \/>\n\t<meta property=\"og:image:width\" content=\"500\" \/>\n\t<meta property=\"og:image:height\" content=\"500\" \/>\n\t<meta property=\"og:image:type\" content=\"image\/png\" \/>\n<meta name=\"twitter:card\" content=\"summary_large_image\" \/>\n<meta name=\"twitter:label1\" content=\"Dur\u00e9e de lecture estim\u00e9e\" \/>\n\t<meta name=\"twitter:data1\" content=\"1 minute\" \/>\n<script type=\"application\/ld+json\" class=\"yoast-schema-graph\">{\"@context\":\"https:\\\/\\\/schema.org\",\"@graph\":[{\"@type\":\"WebPage\",\"@id\":\"https:\\\/\\\/emmavonzermatt.ch\\\/fr\\\/produkt\\\/emma-entdeckt-die-schweiz\\\/\",\"url\":\"https:\\\/\\\/emmavonzermatt.ch\\\/fr\\\/produkt\\\/emma-entdeckt-die-schweiz\\\/\",\"name\":\"Emma entdeckt die Schweiz |\u00a0Kinderbuch von Sabine K\u00f6nig\",\"isPartOf\":{\"@id\":\"https:\\\/\\\/emmavonzermatt.ch\\\/fr\\\/#website\"},\"primaryImageOfPage\":{\"@id\":\"https:\\\/\\\/emmavonzermatt.ch\\\/fr\\\/produkt\\\/emma-entdeckt-die-schweiz\\\/#primaryimage\"},\"image\":{\"@id\":\"https:\\\/\\\/emmavonzermatt.ch\\\/fr\\\/produkt\\\/emma-entdeckt-die-schweiz\\\/#primaryimage\"},\"thumbnailUrl\":\"https:\\\/\\\/emmavonzermatt.ch\\\/wp-content\\\/uploads\\\/2022\\\/03\\\/Emma-von-Zermatt-de.png\",\"datePublished\":\"2022-03-10T16:27:50+00:00\",\"dateModified\":\"2023-08-24T09:30:10+00:00\",\"description\":\"Ein Kinderbuch, um die Schweiz zusammen mit einem Murmeltier kennenzulernen. Erh\u00e4ltlich auf Deutsch, Franz\u00f6sisch, Italienisch und Englisch.\",\"breadcrumb\":{\"@id\":\"https:\\\/\\\/emmavonzermatt.ch\\\/fr\\\/produkt\\\/emma-entdeckt-die-schweiz\\\/#breadcrumb\"},\"inLanguage\":\"fr-FR\",\"potentialAction\":[{\"@type\":\"ReadAction\",\"target\":[\"https:\\\/\\\/emmavonzermatt.ch\\\/fr\\\/produkt\\\/emma-entdeckt-die-schweiz\\\/\"]}]},{\"@type\":\"ImageObject\",\"inLanguage\":\"fr-FR\",\"@id\":\"https:\\\/\\\/emmavonzermatt.ch\\\/fr\\\/produkt\\\/emma-entdeckt-die-schweiz\\\/#primaryimage\",\"url\":\"https:\\\/\\\/emmavonzermatt.ch\\\/wp-content\\\/uploads\\\/2022\\\/03\\\/Emma-von-Zermatt-de.png\",\"contentUrl\":\"https:\\\/\\\/emmavonzermatt.ch\\\/wp-content\\\/uploads\\\/2022\\\/03\\\/Emma-von-Zermatt-de.png\",\"width\":500,\"height\":500},{\"@type\":\"BreadcrumbList\",\"@id\":\"https:\\\/\\\/emmavonzermatt.ch\\\/fr\\\/produkt\\\/emma-entdeckt-die-schweiz\\\/#breadcrumb\",\"itemListElement\":[{\"@type\":\"ListItem\",\"position\":1,\"name\":\"Startseite\",\"item\":\"https:\\\/\\\/emmavonzermatt.ch\\\/fr\\\/\"},{\"@type\":\"ListItem\",\"position\":2,\"name\":\"Boutique\",\"item\":\"https:\\\/\\\/emmavonzermatt.ch\\\/fr\\\/boutique\\\/\"},{\"@type\":\"ListItem\",\"position\":3,\"name\":\"Emma entdeckt die Schweiz\"}]},{\"@type\":\"WebSite\",\"@id\":\"https:\\\/\\\/emmavonzermatt.ch\\\/fr\\\/#website\",\"url\":\"https:\\\/\\\/emmavonzermatt.ch\\\/fr\\\/\",\"name\":\"Emma von Zermatt\",\"description\":\"Buch | Emma von Zermatt\",\"publisher\":{\"@id\":\"https:\\\/\\\/emmavonzermatt.ch\\\/fr\\\/#\\\/schema\\\/person\\\/4bd74e7eb4c18833cd85971618dff658\"},\"potentialAction\":[{\"@type\":\"SearchAction\",\"target\":{\"@type\":\"EntryPoint\",\"urlTemplate\":\"https:\\\/\\\/emmavonzermatt.ch\\\/fr\\\/?s={search_term_string}\"},\"query-input\":{\"@type\":\"PropertyValueSpecification\",\"valueRequired\":true,\"valueName\":\"search_term_string\"}}],\"inLanguage\":\"fr-FR\"},{\"@type\":[\"Person\",\"Organization\"],\"@id\":\"https:\\\/\\\/emmavonzermatt.ch\\\/fr\\\/#\\\/schema\\\/person\\\/4bd74e7eb4c18833cd85971618dff658\",\"name\":\"admin\",\"image\":{\"@type\":\"ImageObject\",\"inLanguage\":\"fr-FR\",\"@id\":\"https:\\\/\\\/emmavonzermatt.ch\\\/wp-content\\\/uploads\\\/2022\\\/03\\\/favicon-evz-32x32-1.png\",\"url\":\"https:\\\/\\\/emmavonzermatt.ch\\\/wp-content\\\/uploads\\\/2022\\\/03\\\/favicon-evz-32x32-1.png\",\"contentUrl\":\"https:\\\/\\\/emmavonzermatt.ch\\\/wp-content\\\/uploads\\\/2022\\\/03\\\/favicon-evz-32x32-1.png\",\"width\":32,\"height\":32,\"caption\":\"admin\"},\"logo\":{\"@id\":\"https:\\\/\\\/emmavonzermatt.ch\\\/wp-content\\\/uploads\\\/2022\\\/03\\\/favicon-evz-32x32-1.png\"}}]}<\/script>\n<!-- \/ Yoast SEO plugin. -->","yoast_head_json":{"title":"Emma entdeckt die Schweiz |\u00a0Kinderbuch von Sabine K\u00f6nig","description":"Ein Kinderbuch, um die Schweiz zusammen mit einem Murmeltier kennenzulernen. Erh\u00e4ltlich auf Deutsch, Franz\u00f6sisch, Italienisch und Englisch.","robots":{"index":"index","follow":"follow","max-snippet":"max-snippet:-1","max-image-preview":"max-image-preview:large","max-video-preview":"max-video-preview:-1"},"canonical":"https:\/\/emmavonzermatt.ch\/fr\/produkt\/emma-entdeckt-die-schweiz\/","og_locale":"fr_FR","og_type":"article","og_title":"Emma entdeckt die Schweiz |\u00a0Kinderbuch von Sabine K\u00f6nig","og_description":"Ein Kinderbuch, um die Schweiz zusammen mit einem Murmeltier kennenzulernen. Erh\u00e4ltlich auf Deutsch, Franz\u00f6sisch, Italienisch und Englisch.","og_url":"https:\/\/emmavonzermatt.ch\/fr\/produkt\/emma-entdeckt-die-schweiz\/","og_site_name":"Emma von Zermatt","article_modified_time":"2023-08-24T09:30:10+00:00","og_image":[{"width":500,"height":500,"url":"https:\/\/emmavonzermatt.ch\/wp-content\/uploads\/2022\/03\/Emma-von-Zermatt-de.png","type":"image\/png"}],"twitter_card":"summary_large_image","twitter_misc":{"Dur\u00e9e de lecture estim\u00e9e":"1 minute"},"schema":{"@context":"https:\/\/schema.org","@graph":[{"@type":"WebPage","@id":"https:\/\/emmavonzermatt.ch\/fr\/produkt\/emma-entdeckt-die-schweiz\/","url":"https:\/\/emmavonzermatt.ch\/fr\/produkt\/emma-entdeckt-die-schweiz\/","name":"Emma entdeckt die Schweiz |\u00a0Kinderbuch von Sabine K\u00f6nig","isPartOf":{"@id":"https:\/\/emmavonzermatt.ch\/fr\/#website"},"primaryImageOfPage":{"@id":"https:\/\/emmavonzermatt.ch\/fr\/produkt\/emma-entdeckt-die-schweiz\/#primaryimage"},"image":{"@id":"https:\/\/emmavonzermatt.ch\/fr\/produkt\/emma-entdeckt-die-schweiz\/#primaryimage"},"thumbnailUrl":"https:\/\/emmavonzermatt.ch\/wp-content\/uploads\/2022\/03\/Emma-von-Zermatt-de.png","datePublished":"2022-03-10T16:27:50+00:00","dateModified":"2023-08-24T09:30:10+00:00","description":"Ein Kinderbuch, um die Schweiz zusammen mit einem Murmeltier kennenzulernen. Erh\u00e4ltlich auf Deutsch, Franz\u00f6sisch, Italienisch und Englisch.","breadcrumb":{"@id":"https:\/\/emmavonzermatt.ch\/fr\/produkt\/emma-entdeckt-die-schweiz\/#breadcrumb"},"inLanguage":"fr-FR","potentialAction":[{"@type":"ReadAction","target":["https:\/\/emmavonzermatt.ch\/fr\/produkt\/emma-entdeckt-die-schweiz\/"]}]},{"@type":"ImageObject","inLanguage":"fr-FR","@id":"https:\/\/emmavonzermatt.ch\/fr\/produkt\/emma-entdeckt-die-schweiz\/#primaryimage","url":"https:\/\/emmavonzermatt.ch\/wp-content\/uploads\/2022\/03\/Emma-von-Zermatt-de.png","contentUrl":"https:\/\/emmavonzermatt.ch\/wp-content\/uploads\/2022\/03\/Emma-von-Zermatt-de.png","width":500,"height":500},{"@type":"BreadcrumbList","@id":"https:\/\/emmavonzermatt.ch\/fr\/produkt\/emma-entdeckt-die-schweiz\/#breadcrumb","itemListElement":[{"@type":"ListItem","position":1,"name":"Startseite","item":"https:\/\/emmavonzermatt.ch\/fr\/"},{"@type":"ListItem","position":2,"name":"Boutique","item":"https:\/\/emmavonzermatt.ch\/fr\/boutique\/"},{"@type":"ListItem","position":3,"name":"Emma entdeckt die Schweiz"}]},{"@type":"WebSite","@id":"https:\/\/emmavonzermatt.ch\/fr\/#website","url":"https:\/\/emmavonzermatt.ch\/fr\/","name":"Emma von Zermatt","description":"Buch | Emma von Zermatt","publisher":{"@id":"https:\/\/emmavonzermatt.ch\/fr\/#\/schema\/person\/4bd74e7eb4c18833cd85971618dff658"},"potentialAction":[{"@type":"SearchAction","target":{"@type":"EntryPoint","urlTemplate":"https:\/\/emmavonzermatt.ch\/fr\/?s={search_term_string}"},"query-input":{"@type":"PropertyValueSpecification","valueRequired":true,"valueName":"search_term_string"}}],"inLanguage":"fr-FR"},{"@type":["Person","Organization"],"@id":"https:\/\/emmavonzermatt.ch\/fr\/#\/schema\/person\/4bd74e7eb4c18833cd85971618dff658","name":"admin","image":{"@type":"ImageObject","inLanguage":"fr-FR","@id":"https:\/\/emmavonzermatt.ch\/wp-content\/uploads\/2022\/03\/favicon-evz-32x32-1.png","url":"https:\/\/emmavonzermatt.ch\/wp-content\/uploads\/2022\/03\/favicon-evz-32x32-1.png","contentUrl":"https:\/\/emmavonzermatt.ch\/wp-content\/uploads\/2022\/03\/favicon-evz-32x32-1.png","width":32,"height":32,"caption":"admin"},"logo":{"@id":"https:\/\/emmavonzermatt.ch\/wp-content\/uploads\/2022\/03\/favicon-evz-32x32-1.png"}}]}},"_links":{"self":[{"href":"https:\/\/emmavonzermatt.ch\/fr\/wp-json\/wp\/v2\/product\/4422","targetHints":{"allow":["GET"]}}],"collection":[{"href":"https:\/\/emmavonzermatt.ch\/fr\/wp-json\/wp\/v2\/product"}],"about":[{"href":"https:\/\/emmavonzermatt.ch\/fr\/wp-json\/wp\/v2\/types\/product"}],"wp:featuredmedia":[{"embeddable":true,"href":"https:\/\/emmavonzermatt.ch\/fr\/wp-json\/wp\/v2\/media\/4610"}],"wp:attachment":[{"href":"https:\/\/emmavonzermatt.ch\/fr\/wp-json\/wp\/v2\/media?parent=4422"}],"wp:term":[{"taxonomy":"product_brand","embeddable":true,"href":"https:\/\/emmavonzermatt.ch\/fr\/wp-json\/wp\/v2\/product_brand?post=4422"},{"taxonomy":"product_cat","embeddable":true,"href":"https:\/\/emmavonzermatt.ch\/fr\/wp-json\/wp\/v2\/product_cat?post=4422"},{"taxonomy":"product_tag","embeddable":true,"href":"https:\/\/emmavonzermatt.ch\/fr\/wp-json\/wp\/v2\/product_tag?post=4422"}],"curies":[{"name":"wp","href":"https:\/\/api.w.org\/{rel}","templated":true}]}}