{"id":4425,"date":"2022-03-10T17:26:56","date_gmt":"2022-03-10T16:26:56","guid":{"rendered":"https:\/\/emmavonzermatt.ch\/produkt\/emma-decouvre-la-suisse\/"},"modified":"2024-04-01T04:15:08","modified_gmt":"2024-04-01T02:15:08","slug":"emma-decouvre-la-suisse","status":"publish","type":"product","link":"https:\/\/emmavonzermatt.ch\/en\/produkt\/emma-decouvre-la-suisse\/","title":{"rendered":"Emma d\u00e9couvre la Suisse"},"content":{"rendered":"<div class=\"wpb-content-wrapper\"><p>[vc_row][vc_column][vc_empty_space][vc_column_text]Salut !<\/p>\n<p>Je m&#8217;appelle Emme et j&#8217;habite en face du Cervin avec ma familie. Comme je suis curieuse, je me suis cach\u00e9e dans un sac \u00e0 dos pour aller vor le jet d&#8217;eau \u00e0 Gen\u00e8ve. Toutefois, le voyage ne s&#8217;est pas pass\u00e9 comme je pensais. D\u00e9couvre dans ce livre toutes les \u00e9tapes et p\u00e9rip\u00e9ties de mon escapade.[\/vc_column_text][vc_empty_space][vc_column_text]ISBN: 978\u20133\u20139525486\u20130\u20138[\/vc_column_text][\/vc_column][\/vc_row][vc_row][vc_column][vc_empty_space][vc_column_text]<\/p>\n<ul>\n<li>72 pages<\/li>\n<li>Suitable for children from 6 years<\/li>\n<li>22.4 x 28.7 cm<\/li>\n<li>Hardcover book<\/li>\n<\/ul>\n<p>[\/vc_column_text][vc_empty_space][vc_empty_space][\/vc_column][\/vc_row][vc_row][vc_column width=&#8221;1\/2&#8243;]<div id=\"ultimate-video-15136a03f47c73146\" class=\"ult-video  ult-adjust-bottom-margin ultimate-video-15136a03f47c73146 ultv-1230 \"><div class=\"ultv-video ultv-aspect-ratio-16_9 ultv-subscribe-responsive-none\" data-videotype=\"uv_iframe\">\n\t\t\t\t\t\t<div class=\"ultv-video__outer-wrap\" data-autoplay=\"0\" data-device=\"false\"  data-iconbg=\"#3A3A3A\" data-overcolor=\"\" data-defaultbg=\"#1f1f1e\" data-defaultplay=\"defaulticon\"><div class=\"ultv-video__play\" data-src=\"https:\/\/www.youtube-nocookie.com\/embed\/54FjmDSgNcQ?rel=0&#038;start&#038;end&#038;controls=1&#038;mute=0&#038;modestbranding=0&#038;autoplay=1\">\n\t\t\t\t\t\t\t\t<img decoding=\"async\" class=\"ultv-video__thumb\" src=\"https:\/\/i.ytimg.com\/vi\/54FjmDSgNcQ\/maxresdefault.jpg\"\/>\n\t\t\t\t\t\t\t\t<div class=\"ultv-video__play-icon  ultv-animation-none\" style=\"width:75px\"><svg height=\"100%\" version=\"1.1\" viewBox=\"0 0 68 48\" width=\"100%\"><path class=\"ultv-youtube-icon-bg\" d=\"m .66,37.62 c 0,0 .66,4.70 2.70,6.77 2.58,2.71 5.98,2.63 7.49,2.91 5.43,.52 23.10,.68 23.12,.68 .00,-1.3e-5 14.29,-0.02 23.81,-0.71 1.32,-0.15 4.22,-0.17 6.81,-2.89 2.03,-2.07 2.70,-6.77 2.70,-6.77 0,0 .67,-5.52 .67,-11.04 l 0,-5.17 c 0,-5.52 -0.67,-11.04 -0.67,-11.04 0,0 -0.66,-4.70 -2.70,-6.77 C 62.03,.86 59.13,.84 57.80,.69 48.28,0 34.00,0 34.00,0 33.97,0 19.69,0 10.18,.69 8.85,.84 5.95,.86 3.36,3.58 1.32,5.65 .66,10.35 .66,10.35 c 0,0 -0.55,4.50 -0.66,9.45 l 0,8.36 c .10,4.94 .66,9.45 .66,9.45 z\" fill=\"#1f1f1e\" ><\/path><path d=\"m 26.96,13.67 18.37,9.62 -18.37,9.55 -0.00,-19.17 z\" fill=\"#fff\"><\/path><path d=\"M 45.02,23.46 45.32,23.28 26.96,13.67 43.32,22.34 45.02,23.46 z\" fill=\"#ccc\"><\/path><\/svg><\/div> <\/div> <\/div><\/div><\/div>[vc_empty_space][\/vc_column][vc_column width=&#8221;1\/2&#8243;]<style type=\"text\/css\" data-type=\"the7_shortcodes-inline-css\">#default-btn-f0dbdfe75d69d393ce8255038b0d1228.ico-right-side > i {\n  margin-right: 0px;\n  margin-left: 8px;\n}\n#default-btn-f0dbdfe75d69d393ce8255038b0d1228 > i {\n  margin-right: 8px;\n}<\/style><a href=\"https:\/\/emmavonzermatt.ch\/en\/shop-e\/\" class=\"default-btn-shortcode dt-btn dt-btn-s link-hover-off btn-inline-left \" id=\"default-btn-f0dbdfe75d69d393ce8255038b0d1228\" title=\"Shop\"><span>Return to shop<\/span><\/a>[\/vc_column][\/vc_row]<\/p>\n<\/div>","protected":false},"excerpt":{"rendered":"<p>A children\u2019s book in French to discover Switzerland with a charming little marmot called Emma. Sabine K\u00f6nig\u2019s entertaining story is enriched by Roser Matas\u2019 illustrations full of humor.<\/p>\n","protected":false},"featured_media":4617,"template":"","meta":[],"product_brand":[],"product_cat":[],"product_tag":[],"class_list":{"0":"post-4425","1":"product","2":"type-product","3":"status-publish","4":"has-post-thumbnail","6":"description-off","8":"first","9":"instock","10":"shipping-taxable","11":"purchasable","12":"product-type-simple"},"yoast_head":"<!-- This site is optimized with the Yoast SEO plugin v27.4 - https:\/\/yoast.com\/product\/yoast-seo-wordpress\/ -->\n<title>Emma d\u00e9couvre la Suisse | Livre pour enfants de S. K\u00f6nig et R. Matas<\/title>\n<meta name=\"description\" content=\"Un livre pour enfants traduit en quatre langues : fran\u00e7ais, allemand, italien, anglais. La jeune marmotte Emma d\u00e9couvre la Suisse.\" \/>\n<meta name=\"robots\" content=\"index, follow, max-snippet:-1, max-image-preview:large, max-video-preview:-1\" \/>\n<link rel=\"canonical\" href=\"https:\/\/emmavonzermatt.ch\/en\/produkt\/emma-decouvre-la-suisse\/\" \/>\n<meta property=\"og:locale\" content=\"en_US\" \/>\n<meta property=\"og:type\" content=\"article\" \/>\n<meta property=\"og:title\" content=\"Emma d\u00e9couvre la Suisse | Livre pour enfants de S. K\u00f6nig et R. Matas\" \/>\n<meta property=\"og:description\" content=\"Un livre pour enfants traduit en quatre langues : fran\u00e7ais, allemand, italien, anglais. La jeune marmotte Emma d\u00e9couvre la Suisse.\" \/>\n<meta property=\"og:url\" content=\"https:\/\/emmavonzermatt.ch\/en\/produkt\/emma-decouvre-la-suisse\/\" \/>\n<meta property=\"og:site_name\" content=\"Emma von Zermatt\" \/>\n<meta property=\"article:modified_time\" content=\"2024-04-01T02:15:08+00:00\" \/>\n<meta property=\"og:image\" content=\"https:\/\/emmavonzermatt.ch\/wp-content\/uploads\/2022\/03\/Emma-von-Zermatt-fr.png\" \/>\n\t<meta property=\"og:image:width\" content=\"500\" \/>\n\t<meta property=\"og:image:height\" content=\"500\" \/>\n\t<meta property=\"og:image:type\" content=\"image\/png\" \/>\n<meta name=\"twitter:card\" content=\"summary_large_image\" \/>\n<meta name=\"twitter:label1\" content=\"Est. reading time\" \/>\n\t<meta name=\"twitter:data1\" content=\"1 minute\" \/>\n<script type=\"application\/ld+json\" class=\"yoast-schema-graph\">{\"@context\":\"https:\\\/\\\/schema.org\",\"@graph\":[{\"@type\":\"WebPage\",\"@id\":\"https:\\\/\\\/emmavonzermatt.ch\\\/en\\\/produkt\\\/emma-decouvre-la-suisse\\\/\",\"url\":\"https:\\\/\\\/emmavonzermatt.ch\\\/en\\\/produkt\\\/emma-decouvre-la-suisse\\\/\",\"name\":\"Emma d\u00e9couvre la Suisse | Livre pour enfants de S. K\u00f6nig et R. Matas\",\"isPartOf\":{\"@id\":\"https:\\\/\\\/emmavonzermatt.ch\\\/en\\\/#website\"},\"primaryImageOfPage\":{\"@id\":\"https:\\\/\\\/emmavonzermatt.ch\\\/en\\\/produkt\\\/emma-decouvre-la-suisse\\\/#primaryimage\"},\"image\":{\"@id\":\"https:\\\/\\\/emmavonzermatt.ch\\\/en\\\/produkt\\\/emma-decouvre-la-suisse\\\/#primaryimage\"},\"thumbnailUrl\":\"https:\\\/\\\/emmavonzermatt.ch\\\/wp-content\\\/uploads\\\/2022\\\/03\\\/Emma-von-Zermatt-fr.png\",\"datePublished\":\"2022-03-10T16:26:56+00:00\",\"dateModified\":\"2024-04-01T02:15:08+00:00\",\"description\":\"Un livre pour enfants traduit en quatre langues : fran\u00e7ais, allemand, italien, anglais. La jeune marmotte Emma d\u00e9couvre la Suisse.\",\"breadcrumb\":{\"@id\":\"https:\\\/\\\/emmavonzermatt.ch\\\/en\\\/produkt\\\/emma-decouvre-la-suisse\\\/#breadcrumb\"},\"inLanguage\":\"en-US\",\"potentialAction\":[{\"@type\":\"ReadAction\",\"target\":[\"https:\\\/\\\/emmavonzermatt.ch\\\/en\\\/produkt\\\/emma-decouvre-la-suisse\\\/\"]}]},{\"@type\":\"ImageObject\",\"inLanguage\":\"en-US\",\"@id\":\"https:\\\/\\\/emmavonzermatt.ch\\\/en\\\/produkt\\\/emma-decouvre-la-suisse\\\/#primaryimage\",\"url\":\"https:\\\/\\\/emmavonzermatt.ch\\\/wp-content\\\/uploads\\\/2022\\\/03\\\/Emma-von-Zermatt-fr.png\",\"contentUrl\":\"https:\\\/\\\/emmavonzermatt.ch\\\/wp-content\\\/uploads\\\/2022\\\/03\\\/Emma-von-Zermatt-fr.png\",\"width\":500,\"height\":500},{\"@type\":\"BreadcrumbList\",\"@id\":\"https:\\\/\\\/emmavonzermatt.ch\\\/en\\\/produkt\\\/emma-decouvre-la-suisse\\\/#breadcrumb\",\"itemListElement\":[{\"@type\":\"ListItem\",\"position\":1,\"name\":\"Startseite\",\"item\":\"https:\\\/\\\/emmavonzermatt.ch\\\/en\\\/\"},{\"@type\":\"ListItem\",\"position\":2,\"name\":\"Shop\",\"item\":\"https:\\\/\\\/emmavonzermatt.ch\\\/en\\\/shop-2\\\/\"},{\"@type\":\"ListItem\",\"position\":3,\"name\":\"Emma d\u00e9couvre la Suisse\"}]},{\"@type\":\"WebSite\",\"@id\":\"https:\\\/\\\/emmavonzermatt.ch\\\/en\\\/#website\",\"url\":\"https:\\\/\\\/emmavonzermatt.ch\\\/en\\\/\",\"name\":\"Emma von Zermatt\",\"description\":\"Buch | Emma von Zermatt\",\"publisher\":{\"@id\":\"https:\\\/\\\/emmavonzermatt.ch\\\/en\\\/#\\\/schema\\\/person\\\/4bd74e7eb4c18833cd85971618dff658\"},\"potentialAction\":[{\"@type\":\"SearchAction\",\"target\":{\"@type\":\"EntryPoint\",\"urlTemplate\":\"https:\\\/\\\/emmavonzermatt.ch\\\/en\\\/?s={search_term_string}\"},\"query-input\":{\"@type\":\"PropertyValueSpecification\",\"valueRequired\":true,\"valueName\":\"search_term_string\"}}],\"inLanguage\":\"en-US\"},{\"@type\":[\"Person\",\"Organization\"],\"@id\":\"https:\\\/\\\/emmavonzermatt.ch\\\/en\\\/#\\\/schema\\\/person\\\/4bd74e7eb4c18833cd85971618dff658\",\"name\":\"admin\",\"image\":{\"@type\":\"ImageObject\",\"inLanguage\":\"en-US\",\"@id\":\"https:\\\/\\\/emmavonzermatt.ch\\\/wp-content\\\/uploads\\\/2022\\\/03\\\/favicon-evz-32x32-1.png\",\"url\":\"https:\\\/\\\/emmavonzermatt.ch\\\/wp-content\\\/uploads\\\/2022\\\/03\\\/favicon-evz-32x32-1.png\",\"contentUrl\":\"https:\\\/\\\/emmavonzermatt.ch\\\/wp-content\\\/uploads\\\/2022\\\/03\\\/favicon-evz-32x32-1.png\",\"width\":32,\"height\":32,\"caption\":\"admin\"},\"logo\":{\"@id\":\"https:\\\/\\\/emmavonzermatt.ch\\\/wp-content\\\/uploads\\\/2022\\\/03\\\/favicon-evz-32x32-1.png\"}}]}<\/script>\n<!-- \/ Yoast SEO plugin. -->","yoast_head_json":{"title":"Emma d\u00e9couvre la Suisse | Livre pour enfants de S. K\u00f6nig et R. Matas","description":"Un livre pour enfants traduit en quatre langues : fran\u00e7ais, allemand, italien, anglais. La jeune marmotte Emma d\u00e9couvre la Suisse.","robots":{"index":"index","follow":"follow","max-snippet":"max-snippet:-1","max-image-preview":"max-image-preview:large","max-video-preview":"max-video-preview:-1"},"canonical":"https:\/\/emmavonzermatt.ch\/en\/produkt\/emma-decouvre-la-suisse\/","og_locale":"en_US","og_type":"article","og_title":"Emma d\u00e9couvre la Suisse | Livre pour enfants de S. K\u00f6nig et R. Matas","og_description":"Un livre pour enfants traduit en quatre langues : fran\u00e7ais, allemand, italien, anglais. La jeune marmotte Emma d\u00e9couvre la Suisse.","og_url":"https:\/\/emmavonzermatt.ch\/en\/produkt\/emma-decouvre-la-suisse\/","og_site_name":"Emma von Zermatt","article_modified_time":"2024-04-01T02:15:08+00:00","og_image":[{"width":500,"height":500,"url":"https:\/\/emmavonzermatt.ch\/wp-content\/uploads\/2022\/03\/Emma-von-Zermatt-fr.png","type":"image\/png"}],"twitter_card":"summary_large_image","twitter_misc":{"Est. reading time":"1 minute"},"schema":{"@context":"https:\/\/schema.org","@graph":[{"@type":"WebPage","@id":"https:\/\/emmavonzermatt.ch\/en\/produkt\/emma-decouvre-la-suisse\/","url":"https:\/\/emmavonzermatt.ch\/en\/produkt\/emma-decouvre-la-suisse\/","name":"Emma d\u00e9couvre la Suisse | Livre pour enfants de S. K\u00f6nig et R. Matas","isPartOf":{"@id":"https:\/\/emmavonzermatt.ch\/en\/#website"},"primaryImageOfPage":{"@id":"https:\/\/emmavonzermatt.ch\/en\/produkt\/emma-decouvre-la-suisse\/#primaryimage"},"image":{"@id":"https:\/\/emmavonzermatt.ch\/en\/produkt\/emma-decouvre-la-suisse\/#primaryimage"},"thumbnailUrl":"https:\/\/emmavonzermatt.ch\/wp-content\/uploads\/2022\/03\/Emma-von-Zermatt-fr.png","datePublished":"2022-03-10T16:26:56+00:00","dateModified":"2024-04-01T02:15:08+00:00","description":"Un livre pour enfants traduit en quatre langues : fran\u00e7ais, allemand, italien, anglais. La jeune marmotte Emma d\u00e9couvre la Suisse.","breadcrumb":{"@id":"https:\/\/emmavonzermatt.ch\/en\/produkt\/emma-decouvre-la-suisse\/#breadcrumb"},"inLanguage":"en-US","potentialAction":[{"@type":"ReadAction","target":["https:\/\/emmavonzermatt.ch\/en\/produkt\/emma-decouvre-la-suisse\/"]}]},{"@type":"ImageObject","inLanguage":"en-US","@id":"https:\/\/emmavonzermatt.ch\/en\/produkt\/emma-decouvre-la-suisse\/#primaryimage","url":"https:\/\/emmavonzermatt.ch\/wp-content\/uploads\/2022\/03\/Emma-von-Zermatt-fr.png","contentUrl":"https:\/\/emmavonzermatt.ch\/wp-content\/uploads\/2022\/03\/Emma-von-Zermatt-fr.png","width":500,"height":500},{"@type":"BreadcrumbList","@id":"https:\/\/emmavonzermatt.ch\/en\/produkt\/emma-decouvre-la-suisse\/#breadcrumb","itemListElement":[{"@type":"ListItem","position":1,"name":"Startseite","item":"https:\/\/emmavonzermatt.ch\/en\/"},{"@type":"ListItem","position":2,"name":"Shop","item":"https:\/\/emmavonzermatt.ch\/en\/shop-2\/"},{"@type":"ListItem","position":3,"name":"Emma d\u00e9couvre la Suisse"}]},{"@type":"WebSite","@id":"https:\/\/emmavonzermatt.ch\/en\/#website","url":"https:\/\/emmavonzermatt.ch\/en\/","name":"Emma von Zermatt","description":"Buch | Emma von Zermatt","publisher":{"@id":"https:\/\/emmavonzermatt.ch\/en\/#\/schema\/person\/4bd74e7eb4c18833cd85971618dff658"},"potentialAction":[{"@type":"SearchAction","target":{"@type":"EntryPoint","urlTemplate":"https:\/\/emmavonzermatt.ch\/en\/?s={search_term_string}"},"query-input":{"@type":"PropertyValueSpecification","valueRequired":true,"valueName":"search_term_string"}}],"inLanguage":"en-US"},{"@type":["Person","Organization"],"@id":"https:\/\/emmavonzermatt.ch\/en\/#\/schema\/person\/4bd74e7eb4c18833cd85971618dff658","name":"admin","image":{"@type":"ImageObject","inLanguage":"en-US","@id":"https:\/\/emmavonzermatt.ch\/wp-content\/uploads\/2022\/03\/favicon-evz-32x32-1.png","url":"https:\/\/emmavonzermatt.ch\/wp-content\/uploads\/2022\/03\/favicon-evz-32x32-1.png","contentUrl":"https:\/\/emmavonzermatt.ch\/wp-content\/uploads\/2022\/03\/favicon-evz-32x32-1.png","width":32,"height":32,"caption":"admin"},"logo":{"@id":"https:\/\/emmavonzermatt.ch\/wp-content\/uploads\/2022\/03\/favicon-evz-32x32-1.png"}}]}},"_links":{"self":[{"href":"https:\/\/emmavonzermatt.ch\/en\/wp-json\/wp\/v2\/product\/4425","targetHints":{"allow":["GET"]}}],"collection":[{"href":"https:\/\/emmavonzermatt.ch\/en\/wp-json\/wp\/v2\/product"}],"about":[{"href":"https:\/\/emmavonzermatt.ch\/en\/wp-json\/wp\/v2\/types\/product"}],"wp:featuredmedia":[{"embeddable":true,"href":"https:\/\/emmavonzermatt.ch\/en\/wp-json\/wp\/v2\/media\/4617"}],"wp:attachment":[{"href":"https:\/\/emmavonzermatt.ch\/en\/wp-json\/wp\/v2\/media?parent=4425"}],"wp:term":[{"taxonomy":"product_brand","embeddable":true,"href":"https:\/\/emmavonzermatt.ch\/en\/wp-json\/wp\/v2\/product_brand?post=4425"},{"taxonomy":"product_cat","embeddable":true,"href":"https:\/\/emmavonzermatt.ch\/en\/wp-json\/wp\/v2\/product_cat?post=4425"},{"taxonomy":"product_tag","embeddable":true,"href":"https:\/\/emmavonzermatt.ch\/en\/wp-json\/wp\/v2\/product_tag?post=4425"}],"curies":[{"name":"wp","href":"https:\/\/api.w.org\/{rel}","templated":true}]}}